{"id":1069,"date":"2023-04-14T14:29:03","date_gmt":"2023-04-14T14:29:03","guid":{"rendered":"https:\/\/mincpartners.com\/pl\/?page_id=1069"},"modified":"2025-12-03T11:34:40","modified_gmt":"2025-12-03T11:34:40","slug":"publikacje","status":"publish","type":"page","link":"https:\/\/mincpartners.com\/pl\/publikacje\/","title":{"rendered":"Publikacje"},"content":{"rendered":"\n\n<div class=\"su-posts su-posts-teaser-loop \">\n\n\t\t\t\t\t\t\n\t\t\t\n\t\t\t<div id=\"su-post-2075\" class=\"su-post \">\n\t\t\t\t\t\t\t\t\t<a class=\"su-post-thumbnail\" href=\"https:\/\/mincpartners.com\/pl\/youtube-podatki\/\"><img fetchpriority=\"high\" decoding=\"async\" width=\"1024\" height=\"1024\" src=\"https:\/\/media.mincpartners.com\/sites\/6\/DALL\u00b7E-2024-10-10-09.11.jpeg\" class=\"attachment-post-thumbnail size-post-thumbnail wp-post-image\" alt=\"\" srcset=\"https:\/\/media.mincpartners.com\/sites\/6\/DALL\u00b7E-2024-10-10-09.11.jpeg 1024w, https:\/\/media.mincpartners.com\/sites\/6\/DALL\u00b7E-2024-10-10-09.11-300x300.jpeg 300w, https:\/\/media.mincpartners.com\/sites\/6\/DALL\u00b7E-2024-10-10-09.11-150x150.jpeg 150w, https:\/\/media.mincpartners.com\/sites\/6\/DALL\u00b7E-2024-10-10-09.11-768x768.jpeg 768w\" sizes=\"(max-width: 1024px) 100vw, 1024px\" \/><\/a>\n\t\t\t\t\t\t\t\t<h2 class=\"su-post-title\"><a href=\"https:\/\/mincpartners.com\/pl\/youtube-podatki\/\">Prowadzisz Dzia\u0142alno\u015b\u0107 na Youtube?<\/a><\/h2>\n\t\t\t<\/div>\n\n\t\t\t\t\t\n\t\t\t\n\t\t\t<div id=\"su-post-1190\" class=\"su-post \">\n\t\t\t\t\t\t\t\t\t<a class=\"su-post-thumbnail\" href=\"https:\/\/mincpartners.com\/pl\/windykacja-w-szwecji-zaczyna-sie-od-komornika-a-konczy-w-sadzie\/\"><img decoding=\"async\" width=\"1920\" height=\"858\" src=\"https:\/\/media.mincpartners.com\/sites\/6\/kronofogden.png\" class=\"attachment-post-thumbnail size-post-thumbnail wp-post-image\" alt=\"\" srcset=\"https:\/\/media.mincpartners.com\/sites\/6\/kronofogden.png 1920w, https:\/\/media.mincpartners.com\/sites\/6\/kronofogden-300x134.png 300w, https:\/\/media.mincpartners.com\/sites\/6\/kronofogden-1024x458.png 1024w, https:\/\/media.mincpartners.com\/sites\/6\/kronofogden-768x343.png 768w, https:\/\/media.mincpartners.com\/sites\/6\/kronofogden-1536x686.png 1536w\" sizes=\"(max-width: 1920px) 100vw, 1920px\" \/><\/a>\n\t\t\t\t\t\t\t\t<h2 class=\"su-post-title\"><a href=\"https:\/\/mincpartners.com\/pl\/windykacja-w-szwecji-zaczyna-sie-od-komornika-a-konczy-w-sadzie\/\">Windykacja w Szwecji zaczyna si\u0119 od komornika a ko\u0144czy w s\u0105dzie<\/a><\/h2>\n\t\t\t<\/div>\n\n\t\t\t\n<\/div>\n\n","protected":false},"excerpt":{"rendered":"","protected":false},"author":1,"featured_media":0,"parent":0,"menu_order":1000,"comment_status":"closed","ping_status":"closed","template":"","meta":{"footnotes":""},"class_list":["post-1069","page","type-page","status-publish","hentry"],"_links":{"self":[{"href":"https:\/\/mincpartners.com\/pl\/wp-json\/wp\/v2\/pages\/1069","targetHints":{"allow":["GET"]}}],"collection":[{"href":"https:\/\/mincpartners.com\/pl\/wp-json\/wp\/v2\/pages"}],"about":[{"href":"https:\/\/mincpartners.com\/pl\/wp-json\/wp\/v2\/types\/page"}],"author":[{"embeddable":true,"href":"https:\/\/mincpartners.com\/pl\/wp-json\/wp\/v2\/users\/1"}],"replies":[{"embeddable":true,"href":"https:\/\/mincpartners.com\/pl\/wp-json\/wp\/v2\/comments?post=1069"}],"version-history":[{"count":8,"href":"https:\/\/mincpartners.com\/pl\/wp-json\/wp\/v2\/pages\/1069\/revisions"}],"predecessor-version":[{"id":1196,"href":"https:\/\/mincpartners.com\/pl\/wp-json\/wp\/v2\/pages\/1069\/revisions\/1196"}],"wp:attachment":[{"href":"https:\/\/mincpartners.com\/pl\/wp-json\/wp\/v2\/media?parent=1069"}],"curies":[{"name":"wp","href":"https:\/\/api.w.org\/{rel}","templated":true}]}}