{"id":2144,"date":"2024-12-18T12:20:56","date_gmt":"2024-12-18T12:20:56","guid":{"rendered":"https:\/\/mincpartners.com\/pl\/?page_id=2144"},"modified":"2025-04-07T09:56:47","modified_gmt":"2025-04-07T09:56:47","slug":"europejskie-poswiadczenie-spadkowe","status":"publish","type":"page","link":"https:\/\/mincpartners.com\/pl\/prawo\/spadkowe\/europejskie-poswiadczenie-spadkowe\/","title":{"rendered":"Europejskie po\u015bwiadczenie spadkowe"},"content":{"rendered":"<p>Europejskie po\u015bwiadczenie spadkowe (EPS) to oficjalny dokument wydawany zgodnie z Rozporz\u0105dzeniem (UE) nr 650\/2012, kt\u00f3ry ma na celu u\u0142atwienie spadkobiercom, zapisobiercom oraz wykonawcom testament\u00f3w wykazanie ich praw do spadku w pa\u0144stwach cz\u0142onkowskich UE. Dzi\u0119ki zastosowaniu EPS mo\u017cna unikn\u0105\u0107 skomplikowanych procedur krajowych oraz sprawniej zarz\u0105dza\u0107 spadkiem o charakterze transgranicznym. Po\u015bwiadczenie jest wa\u017cne we wszystkich pa\u0144stwach Unii Europejskiej, z wyj\u0105tkiem Danii, Irlandii oraz Wielkiej Brytanii (kt\u00f3ra nie jest ju\u017c cz\u0142onkiem UE).<\/p>\n<p>Je\u017celi mieszkasz w Polsce lub w Szwecji i potrzebujesz potwierdzi\u0107 swoje prawa do spadku w innym kraju cz\u0142onkowskim UE, mo\u017cemy pom\u00f3c w uzyskaniu europejskiego po\u015bwiadczenia spadkowego. Dysponujemy wiedz\u0105 i do\u015bwiadczeniem niezb\u0119dnymi do przeprowadzenia ca\u0142ej procedury zgodnie z polskimi przepisami, jak r\u00f3wnie\u017c z uwzgl\u0119dnieniem wymog\u00f3w obowi\u0105zuj\u0105cych w pozosta\u0142ych pa\u0144stwach UE. Nasze kompetencje obejmuj\u0105 zar\u00f3wno polskie, jak i szwedzkie regulacje, co pozwala nam doradza\u0107 w spos\u00f3b kompleksowy, niezale\u017cnie od tego, w kt\u00f3rym z tych kraj\u00f3w znajdujesz si\u0119 Ty lub maj\u0105tek spadkowy.<\/p>\n<p>Nasze us\u0142ugi obejmuj\u0105:<\/p>\n<ul>\n<li><strong>Doradztwo w zakresie wymog\u00f3w formalnych<\/strong>: Wyja\u015bniamy, jakie informacje oraz dokumenty s\u0105 niezb\u0119dne do z\u0142o\u017cenia wniosku o europejskie po\u015bwiadczenie spadkowe w Polsce lub innym pa\u0144stwie UE.<\/li>\n<li><strong>Przygotowanie i z\u0142o\u017cenie wniosku<\/strong>: Pomagamy skompletowa\u0107 konieczne dokumenty, takie jak akt zgonu, testament, dokumenty potwierdzaj\u0105ce pokrewie\u0144stwo oraz inne niezb\u0119dne za\u015bwiadczenia. W Polsce wniosek o wydanie EPS mo\u017cna z\u0142o\u017cy\u0107 do w\u0142a\u015bciwego s\u0105du rejonowego albo u notariusza. W ramach naszych dzia\u0142a\u0144 dbamy o to, aby wniosek zosta\u0142 przedstawiony zgodnie z obowi\u0105zuj\u0105cymi wymogami i standardami.<\/li>\n<li><strong>Koordynacja mi\u0119dzynarodowa<\/strong>: Je\u015bli spadek dotyczy maj\u0105tku po\u0142o\u017conego w kilku krajach, wspieramy Ci\u0119 w kontaktach z urz\u0119dami i instytucjami zagranicznymi. Wsp\u00f3\u0142pracujemy z lokalnymi ekspertami oraz prawnikami, aby zapewni\u0107 sprawny przebieg post\u0119powania i unikn\u0105\u0107 niepotrzebnych op\u00f3\u017anie\u0144.<\/li>\n<li><strong>Wykorzystanie wydanego po\u015bwiadczenia<\/strong>: Po uzyskaniu EPS doradzamy, jak efektywnie pos\u0142ugiwa\u0107 si\u0119 dokumentem przy egzekwowaniu praw do spadku, podziale aktyw\u00f3w lub za\u0142atwianiu formalno\u015bci w innych pa\u0144stwach cz\u0142onkowskich.<\/li>\n<\/ul>\n<p>Ponadto zajmujemy si\u0119 kompleksow\u0105 obs\u0142ug\u0105 ca\u0142ego post\u0119powania, w tym organizacj\u0105 t\u0142umacze\u0144 przysi\u0119g\u0142ych niezb\u0119dnych do przedstawienia dokument\u00f3w w odpowiednich instytucjach. Wsp\u00f3\u0142pracuj\u0105c z nami, mo\u017cesz by\u0107 pewien, \u017ce procedura wydania i wykorzystania europejskiego po\u015bwiadczenia spadkowego zostanie przeprowadzona zgodnie z obowi\u0105zuj\u0105cymi przepisami oraz w spos\u00f3b mo\u017cliwie najmniej obci\u0105\u017caj\u0105cy. Skontaktuj si\u0119 z nami, aby otrzyma\u0107 indywidualn\u0105 analiz\u0119 Twojej sytuacji i opracowa\u0107 rozwi\u0105zanie najlepiej dopasowane do Twoich potrzeb.<\/p>\n","protected":false},"excerpt":{"rendered":"<p>Europejskie po\u015bwiadczenie spadkowe (EPS) to oficjalny dokument wydawany zgodnie z Rozporz\u0105dzeniem (UE) nr 650\/2012, kt\u00f3ry ma na celu u\u0142atwienie spadkobiercom, zapisobiercom oraz wykonawcom testament\u00f3w wykazanie&hellip;<\/p>\n","protected":false},"author":1,"featured_media":0,"parent":1788,"menu_order":1,"comment_status":"closed","ping_status":"closed","template":"","meta":{"footnotes":""},"class_list":["post-2144","page","type-page","status-publish","hentry"],"_links":{"self":[{"href":"https:\/\/mincpartners.com\/pl\/wp-json\/wp\/v2\/pages\/2144","targetHints":{"allow":["GET"]}}],"collection":[{"href":"https:\/\/mincpartners.com\/pl\/wp-json\/wp\/v2\/pages"}],"about":[{"href":"https:\/\/mincpartners.com\/pl\/wp-json\/wp\/v2\/types\/page"}],"author":[{"embeddable":true,"href":"https:\/\/mincpartners.com\/pl\/wp-json\/wp\/v2\/users\/1"}],"replies":[{"embeddable":true,"href":"https:\/\/mincpartners.com\/pl\/wp-json\/wp\/v2\/comments?post=2144"}],"version-history":[{"count":4,"href":"https:\/\/mincpartners.com\/pl\/wp-json\/wp\/v2\/pages\/2144\/revisions"}],"predecessor-version":[{"id":2152,"href":"https:\/\/mincpartners.com\/pl\/wp-json\/wp\/v2\/pages\/2144\/revisions\/2152"}],"up":[{"embeddable":true,"href":"https:\/\/mincpartners.com\/pl\/wp-json\/wp\/v2\/pages\/1788"}],"wp:attachment":[{"href":"https:\/\/mincpartners.com\/pl\/wp-json\/wp\/v2\/media?parent=2144"}],"curies":[{"name":"wp","href":"https:\/\/api.w.org\/{rel}","templated":true}]}}