{"id":920,"date":"2021-11-09T18:59:58","date_gmt":"2021-11-09T18:59:58","guid":{"rendered":"https:\/\/mincpartners.com\/pl2\/?page_id=920"},"modified":"2025-04-18T09:26:46","modified_gmt":"2025-04-18T09:26:46","slug":"podatkowe","status":"publish","type":"page","link":"https:\/\/mincpartners.com\/pl\/prawo\/podatkowe\/","title":{"rendered":"Prawo podatkowe"},"content":{"rendered":"<div class=\"span8 Blog_main\">\n<div id=\"post-445\" class=\"blog_single_post\">\n<p>Zapewniamy doradztwo prawne w sprawach dotycz\u0105cych polskiego, szwedzkiego, europejskiego oraz mi\u0119dzynarodowego prawa podatkowego, doradzaj\u0105c podmiotom gospodarczym, trustom i osobom fizycznym.<\/p>\n<p>Na coraz bardziej po\u0142\u0105czonym globalnym rynku prawie ka\u017cda transakcja biznesowa ma element transgraniczny. Przedsi\u0119biorstwa napotykaj\u0105 z\u0142o\u017cone problemy podatkowe, kt\u00f3re wymagaj\u0105 skoordynowanego \u015bwiadczenia us\u0142ug obejmuj\u0105cych zar\u00f3wno znajomo\u015b\u0107 ustawodawstwa krajowego, w tym um\u00f3w podatkowych, jak i odpowiedniej perspektywy mi\u0119dzynarodowej.<br \/>\n\u015aci\u015ble wsp\u00f3\u0142pracujemy z innymi specjalistami, takimi jak doradcy podatkowi, ksi\u0119gowi i doradcy finansowi, aby znale\u017a\u0107 najlepsze rozwi\u0105zanie dla Ciebie, Twojej rodziny i Twojej firmy. Du\u017ca cz\u0119\u015b\u0107 naszej pracy ma wymiar mi\u0119dzynarodowy i wsp\u00f3\u0142pracujemy ze specjalistycznymi kancelariami prawnymi w g\u0142\u00f3wnych jurysdykcjach europejskich.<\/p>\n<ul>\n<li>Zak\u0142adanie sp\u00f3\u0142ek i trust\u00f3w<\/li>\n<li>Planowanie podatkowe dla krajowych i mi\u0119dzynarodowych fuzji, przej\u0119\u0107 i wsp\u00f3lnych przedsi\u0119wzi\u0119\u0107<\/li>\n<li>Planowanie podatkowe dla krajowych i mi\u0119dzynarodowych funduszy inwestycyjnych<\/li>\n<li>Ustanowienie krajowych i mi\u0119dzynarodowych struktur holdingowych<\/li>\n<li>Rekonstrukcje, reorganizacje i likwidacje<\/li>\n<li>Planowanie zamkni\u0119cia dzia\u0142alno\u015bci gospodarczej i sukcesji<\/li>\n<li>Planowanie podatk\u00f3w od zysk\u00f3w kapita\u0142owych<\/li>\n<li>Podatek od nieruchomo\u015bci<\/li>\n<li>Planowanie wynagrodze\u0144 pracownik\u00f3w<\/li>\n<li>Podatki akcyzowe i doradztwo w zakresie podatku VAT w odniesieniu do nieruchomo\u015bci i innych transakcji handlowych<\/li>\n<li>Podatek od nieruchomo\u015bci<\/li>\n<li>Podatek dochodowy PIT i CIT<\/li>\n<li>Podatek od spadk\u00f3w<\/li>\n<li>Planowanie podatkowe z umowami o unikaniu podw\u00f3jnego opodatkowania i prawem europejskim<\/li>\n<\/ul>\n<p>&nbsp;<\/p>\n<p>Zapewniamy r\u00f3wnie\u017c kompleksowe i praktyczne porady w zakresie spor\u00f3w podatkowych, przestrzegania przepis\u00f3w podatkowych i kontrowersji podatkowych. Reprezentujemy klient\u00f3w na wszystkich etapach procesu administracyjnego, od audytu po odwo\u0142anie administracyjne i na ka\u017cdym szczeblu s\u0105dowym.<\/p>\n<\/div>\n<\/div>\n","protected":false},"excerpt":{"rendered":"<p>Zapewniamy doradztwo prawne w sprawach dotycz\u0105cych polskiego, szwedzkiego, europejskiego oraz mi\u0119dzynarodowego prawa podatkowego, doradzaj\u0105c podmiotom gospodarczym, trustom i osobom fizycznym. Na coraz bardziej po\u0142\u0105czonym globalnym&hellip;<\/p>\n","protected":false},"author":1,"featured_media":0,"parent":913,"menu_order":7,"comment_status":"closed","ping_status":"closed","template":"","meta":{"footnotes":""},"class_list":["post-920","page","type-page","status-publish","hentry"],"_links":{"self":[{"href":"https:\/\/mincpartners.com\/pl\/wp-json\/wp\/v2\/pages\/920","targetHints":{"allow":["GET"]}}],"collection":[{"href":"https:\/\/mincpartners.com\/pl\/wp-json\/wp\/v2\/pages"}],"about":[{"href":"https:\/\/mincpartners.com\/pl\/wp-json\/wp\/v2\/types\/page"}],"author":[{"embeddable":true,"href":"https:\/\/mincpartners.com\/pl\/wp-json\/wp\/v2\/users\/1"}],"replies":[{"embeddable":true,"href":"https:\/\/mincpartners.com\/pl\/wp-json\/wp\/v2\/comments?post=920"}],"version-history":[{"count":4,"href":"https:\/\/mincpartners.com\/pl\/wp-json\/wp\/v2\/pages\/920\/revisions"}],"predecessor-version":[{"id":1783,"href":"https:\/\/mincpartners.com\/pl\/wp-json\/wp\/v2\/pages\/920\/revisions\/1783"}],"up":[{"embeddable":true,"href":"https:\/\/mincpartners.com\/pl\/wp-json\/wp\/v2\/pages\/913"}],"wp:attachment":[{"href":"https:\/\/mincpartners.com\/pl\/wp-json\/wp\/v2\/media?parent=920"}],"curies":[{"name":"wp","href":"https:\/\/api.w.org\/{rel}","templated":true}]}}