{"id":922,"date":"2021-11-09T19:02:18","date_gmt":"2021-11-09T19:02:18","guid":{"rendered":"https:\/\/mincpartners.com\/pl2\/?page_id=922"},"modified":"2025-04-18T09:25:52","modified_gmt":"2025-04-18T09:25:52","slug":"handlowe","status":"publish","type":"page","link":"https:\/\/mincpartners.com\/pl\/prawo\/handlowe\/","title":{"rendered":"Prawo handlowe"},"content":{"rendered":"<div class=\"span8 Blog_main\">\n<div id=\"post-421\" class=\"blog_single_post\">\n<p>Prawo handlowe dotyczy sp\u00f3\u0142ek jawnych, partnerskich, komandytowych, komandytowo-akcyjnych oraz kapita\u0142owych, czyli sp\u00f3\u0142ek z ograniczon\u0105 odpowiedzialno\u015bci\u0105 i sp\u00f3\u0142ek akcyjnych oraz szwedzkiego odpowiednika aktiebolag. Doradzamy te\u017c\u00a0dzia\u0142alno\u015bci\u0105 jednoosobowym w Szwecji enskild firma.<\/p>\n<p>&nbsp;<\/p>\n<ul>\n<li>Tworzenie, przekszta\u0142canie i likwidacja sp\u00f3\u0142ek kapita\u0142owych, osobowych i cywilnych w Szwecji, Polsce i innych krajach UE<\/li>\n<li>Projektowanie um\u00f3w i statut\u00f3w sp\u00f3\u0142ek<\/li>\n<li>Restrukturyzacja i budowanie grup kapita\u0142owych wraz z projektowaniem dystrybucji zysk\u00f3w i program\u00f3w operacyjnych<\/li>\n<li>Transfery transgraniczne i \u0142\u0105czenie firm<\/li>\n<li>Doradztwo w procesie kszta\u0142towania \u0142adu korporacyjnego w sp\u00f3\u0142kach (zarz\u0105d, rada nadzorcza, komitet audytu, walne zgromadzenie akcjonariuszy)<\/li>\n<li>Tworzenie regulamin\u00f3w zarz\u0105du, rady nadzorczej, walnego zgromadzenia akcjonariuszy<\/li>\n<li>Bie\u017c\u0105ce doradztwo korporacyjne (spotkania i uchwa\u0142y zarz\u0105du, rady nadzorczej, akcjonariuszy, walnych zgromadze\u0144)<\/li>\n<li>Umowy inwestycyjne i umowy pomi\u0119dzy akcjonariuszami<\/li>\n<li>Rejestrowanie zdarze\u0144 korporacyjnych w s\u0105dach rejestr\u00f3w handlowych<\/li>\n<li>Spory prawne o charakterze korporacyjnym.<\/li>\n<\/ul>\n<\/div>\n<\/div>\n","protected":false},"excerpt":{"rendered":"<p>Prawo handlowe dotyczy sp\u00f3\u0142ek jawnych, partnerskich, komandytowych, komandytowo-akcyjnych oraz kapita\u0142owych, czyli sp\u00f3\u0142ek z ograniczon\u0105 odpowiedzialno\u015bci\u0105 i sp\u00f3\u0142ek akcyjnych oraz szwedzkiego odpowiednika aktiebolag. Doradzamy te\u017c\u00a0dzia\u0142alno\u015bci\u0105 jednoosobowym&hellip;<\/p>\n","protected":false},"author":1,"featured_media":0,"parent":913,"menu_order":8,"comment_status":"closed","ping_status":"closed","template":"","meta":{"footnotes":""},"class_list":["post-922","page","type-page","status-publish","hentry"],"_links":{"self":[{"href":"https:\/\/mincpartners.com\/pl\/wp-json\/wp\/v2\/pages\/922","targetHints":{"allow":["GET"]}}],"collection":[{"href":"https:\/\/mincpartners.com\/pl\/wp-json\/wp\/v2\/pages"}],"about":[{"href":"https:\/\/mincpartners.com\/pl\/wp-json\/wp\/v2\/types\/page"}],"author":[{"embeddable":true,"href":"https:\/\/mincpartners.com\/pl\/wp-json\/wp\/v2\/users\/1"}],"replies":[{"embeddable":true,"href":"https:\/\/mincpartners.com\/pl\/wp-json\/wp\/v2\/comments?post=922"}],"version-history":[{"count":4,"href":"https:\/\/mincpartners.com\/pl\/wp-json\/wp\/v2\/pages\/922\/revisions"}],"predecessor-version":[{"id":2737,"href":"https:\/\/mincpartners.com\/pl\/wp-json\/wp\/v2\/pages\/922\/revisions\/2737"}],"up":[{"embeddable":true,"href":"https:\/\/mincpartners.com\/pl\/wp-json\/wp\/v2\/pages\/913"}],"wp:attachment":[{"href":"https:\/\/mincpartners.com\/pl\/wp-json\/wp\/v2\/media?parent=922"}],"curies":[{"name":"wp","href":"https:\/\/api.w.org\/{rel}","templated":true}]}}