{"id":939,"date":"2021-11-09T19:16:13","date_gmt":"2021-11-09T19:16:13","guid":{"rendered":"https:\/\/mincpartners.com\/pl2\/?page_id=939"},"modified":"2026-04-16T16:27:26","modified_gmt":"2026-04-16T16:27:26","slug":"prawnik-w-szwecji-mowiacy-po-polsku","status":"publish","type":"page","link":"https:\/\/mincpartners.com\/pl\/prawnik-w-szwecji-mowiacy-po-polsku\/","title":{"rendered":"Prawnik w Szwecji m\u00f3wi\u0105cy po polsku"},"content":{"rendered":"\t\t<div data-elementor-type=\"wp-page\" data-elementor-id=\"939\" class=\"elementor elementor-939\" data-elementor-post-type=\"page\">\n\t\t\t\t\t\t<section class=\"elementor-section elementor-top-section elementor-element elementor-element-e7dc7f9 elementor-section-boxed elementor-section-height-default elementor-section-height-default\" data-id=\"e7dc7f9\" data-element_type=\"section\" data-e-type=\"section\">\n\t\t\t\t\t\t<div class=\"elementor-container elementor-column-gap-default\">\n\t\t\t\t\t<div class=\"elementor-column elementor-col-50 elementor-top-column elementor-element elementor-element-5fb97036\" data-id=\"5fb97036\" data-element_type=\"column\" data-e-type=\"column\">\n\t\t\t<div class=\"elementor-widget-wrap elementor-element-populated\">\n\t\t\t\t\t\t<div class=\"elementor-element elementor-element-5b2ed456 elementor-widget elementor-widget-text-editor\" data-id=\"5b2ed456\" data-element_type=\"widget\" data-e-type=\"widget\" data-widget_type=\"text-editor.default\">\n\t\t\t\t<div class=\"elementor-widget-container\">\n\t\t\t\t\t\t\t\t\t<p>Martin Minc jest prawnikiem \u015bwiadcz\u0105cym us\u0142ugi prawne wzgl\u0119dem os\u00f3b prawnych i fizycznych w j\u0119zyku polskim, szwedzkim i angielskim na terenie Szwecji, w zakresie prawa <strong>cywilnego <\/strong>i\u00a0<strong>administracyjnego.\u00a0<\/strong><\/p><ul><li><strong><a href=\"https:\/\/mincpartners.com\/pl\/prawo\/miedzynarodowe-prywatne\/\" target=\"_blank\" rel=\"noopener\">Mi\u0119dzynarodowe prawo prywatne,<\/a>\u00a0<\/strong>szeroko poj\u0119ta problematyka prawa cywilnego gdy post\u0119powanie jest transgraniczne.<\/li><li><a href=\"https:\/\/mincpartners.com\/pl\/prawo\/spadkowe\/\" target=\"_blank\" rel=\"noopener\"><b>Prawo spadkowe,<\/b><\/a>\u00a0w tym spis inwentarza (bouppteckning), nabycie spadku (arvskifte), sporz\u0105dzanie testamentu, wyst\u0119powanie jako wykonawca testamentu (testamentexekutor)<\/li><li><a style=\"font-weight: bold;\" href=\"https:\/\/mincpartners.com\/pl\/prawo\/rodzinne\/\" target=\"_blank\" rel=\"noopener\">Prawo rodzinne<\/a><b>,<\/b> sporz\u0105dzanie intercyzy (\u00e4ktenskapsf\u00f6rord), podzia\u0142 maj\u0105tku przy rozwodzie (bodelning), wyst\u0119powanie jako (bodelningsman).<\/li><li><a href=\"https:\/\/mincpartners.com\/pl\/prawo\/kontraktowe\/\"><span style=\"font-weight: bolder;\">Prawo kontraktowe<\/span><\/a>, tym sporz\u0105dzanie um\u00f3w pomi\u0119dzy osobami fizycznymi oraz podmiotami gospodarczymi, sporami dot. zobowi\u0105za\u0144, zakup nieruchomo\u015bci, pe\u0142nomocnictwa..<\/li><li><a href=\"https:\/\/mincpartners.com\/pl\/prawo\/pracy\/\"><strong>Prawo pracy<\/strong><\/a>, dochodzenie praw pracownika u szwedzkiego pracodawcy lub reprezentacja pracodawcy w sporach z pracownikiem czy zwi\u0105zkami zawodowymi.<\/li><li><a href=\"https:\/\/mincpartners.com\/pl\/prawo\/dochodzenie-roszczen\/\"><strong>Dochodzenie roszcze\u0144<\/strong>,<\/a> windykacja w Szwecji, wezwania do zap\u0142aty, odzyskiwania nale\u017cno\u015bci od kontrahent\u00f3w poprzez komornika (Kronofogden) lub s\u0105dowo.<\/li><li><a href=\"https:\/\/mincpartners.com\/pl\/prawo\/podatkowe\/\"><strong>prawo podatkowe<\/strong><\/a>, spory z urz\u0119dem skarbowym, zg\u0142aszanie podmiot\u00f3w gospodarczych do VAT F-skatt etc.<\/li><li><strong>prawo budowlane<\/strong>, spory pomi\u0119dzy wykonawcami a zamawiaj\u0105cym us\u0142ugi budowlane.<\/li><li><strong>prawo celne i transportowe<\/strong>, kabota\u017c, spory z urz\u0119dem transportowym (Transportstyrelsen) czy celnym (Tullverket).<\/li><li><strong>prawo odszkodowawcze, <\/strong>spory z firmami ubezpieczeniowymi odszkodowania, zado\u015b\u0107uczynienia.<\/li><li><a href=\"https:\/\/mincpartners.com\/pl\/prawo\/handlowe\/\"><strong>prawo handlowe i sp\u00f3\u0142ek (gospodarcze)<\/strong><\/a>, w tym zak\u0142adanie podmiot\u00f3w gospodarczych.<\/li><li><strong>prawo najmu i nieruchomo\u015bciowe<\/strong>, wpis do ksi\u0119gi wieczystej (ans\u00f6kan om lagfart), spory w zakresie najmu przy (hyresn\u00e4mnden) etc.<\/li><li><strong>prawo konsumenckie<\/strong>, spory konsumenckie z podmiotami gospodarczymi.<\/li><li><strong>prawo Unii Europejskiej<\/strong>, szeroko poj\u0119te prawo prywatne, stosowanie prawa UE w Polsce i Szwecjii.<\/li><\/ul><p>Podejmuj\u0119 si\u0119 prowadzenia post\u0119powania przed s\u0105dem w Szwecji jako pe\u0142nomocnik procesowy. Do ka\u017cdej sprawy podchodz\u0119 indywidualnie i nieszablonowo, do skutku szukam najlepszego rozwi\u0105zania. Wybieraj\u0105c nasze us\u0142ugi mog\u0105 Pa\u0144stwo liczy\u0107 na zaanga\u017cowanie i rzetelno\u015b\u0107. Nasze biura zlokalizowane s\u0105 w Sztokholmie i w Warszawie gdzie mo\u017cna um\u00f3wi\u0107 si\u0119 z nami na konsultacje.<\/p><p>Dedykujemy r\u00f3wnie\u017c nasze doradztwo prawne Polakom na terenie Szwecji aby\u015bcie Pa\u0144stwo nie musieli udawa\u0107 si\u0119 do Polski lub Szwecji osobi\u015bcie w sprawach:<\/p><ul><li>spadkowych pomo\u017cemy w odrzuceniu lub przyj\u0119ciu spadku<\/li><li>obywatelskich, przygotowujemy dokumentacj\u0119 celem potwierdzenia posiadania polskiego obywatelstwa lub w przywr\u00f3ceniu polskiego obywatelstwa<\/li><li>po\u015bwiadczenia podpisu na polskich dokumentach z wy\u0142\u0105czeniem spraw dotycz\u0105cych kupna sprzeda\u017cy nieruchomo\u015bci, przez co nie b\u0119dziesz musia\u0142 korzysta\u0107 z us\u0142ug notarialnych w Polsce<\/li><li>polskiego profilu zaufanego (podpis elektroniczny) dzi\u0119ki kt\u00f3remu za\u0142atwisz wiele spraw urz\u0119dowych w Polsce internetowo<\/li><li>przedsi\u0119biorc\u00f3w z zakresu podpisu elektronicznego, dla cz\u0142onk\u00f3w zarz\u0105du sp\u00f3\u0142ek celem dokonywania elektronicznych sprawozda\u0144 finansowych<\/li><li>stanu cywilnego \u2013 rejestracja rozwod\u00f3w, ma\u0142\u017ce\u0144stw, i narodzin w Polsce<\/li><li>pozyskanie w\u0142a\u015bciwych dokument\u00f3w ze szwedzkich urz\u0119d\u00f3w.<\/li><\/ul><p>Podstawowa stawka wynagrodzenia wynosi<b> 2 000<\/b><strong>\u00a0sek + VAT za 1h<\/strong> pracy prawnika (stawka zgodna z wytycznymi Domstolsverket). Poni\u017cej przyk\u0142adowe ceny us\u0142ug:<\/p><p><strong>Porada od 2 000 sek + VAT<\/strong><br \/>Kr\u00f3tka porada prawna udzielona przez prawnika posiadaj\u0105cego wiedz\u0119 w zakresie prawa szwedzkiego jak i polskiego. Porada prawna dotyczy nieskomplikowanego problemu z prawa szwedzkiego lub polskiego\u00a0 i zwykle nie obejmuje analizy prawnej dokument\u00f3w. Porada prawna nie wymaga wizyty w kancelarii w Warszawie lub Sztokholmie. Porada niniejsze udzielana jest przez prawnika przede wszystkim przez telefon lub w trybie online za pomoc\u0105 wybranego komunikatora. Us\u0142uga dost\u0119pna jest zar\u00f3wno dla firm, jak i klient\u00f3w indywidualnych.<\/p><p><strong>Doradztwo od 3 200 sek + VAT<\/strong><br \/>\u015awiadczona pomoc prawna obejmuje analiz\u0119 stanu faktycznego, zagadnienia przedstawionego przez klienta, a tak\u017ce przes\u0142anych dokument\u00f3w. Nast\u0119pnie przeprowadzamy konsultacj<span style=\"color: var( --e-global-color-text ); font-family: var( --e-global-typography-text-font-family ), Sans-serif; font-weight: var( --e-global-typography-text-font-weight );\">\u0119<\/span><span style=\"color: var( --e-global-color-text ); font-family: var( --e-global-typography-text-font-family ), Sans-serif; font-weight: var( --e-global-typography-text-font-weight );\">\u00a0prawn<\/span><span style=\"color: var( --e-global-color-text ); font-family: var( --e-global-typography-text-font-family ), Sans-serif; font-weight: var( --e-global-typography-text-font-weight );\">\u0105<\/span><span style=\"color: var( --e-global-color-text ); font-family: var( --e-global-typography-text-font-family ), Sans-serif; font-weight: var( --e-global-typography-text-font-weight );\">\u00a0stacjonarnie, przez telefon lub w trybie online za pomoc\u0105 wybranego komunikatora, w trakcie kt\u00f3rych b\u0119dziesz m\u00f3g\u0142 wsp\u00f3lnie z prawnikiem om\u00f3wi\u0107 przedstawiony problem z zakresu materia\u0142\u00f3w przes\u0142anych oraz dalsze ewentualne kroki. Us\u0142uga dost\u0119pna jest zar\u00f3wno dla firm, jak i klient\u00f3w indywidualnych.<\/span><\/p><p><strong>Opinia od 8 000 sek + VAT<\/strong><br \/>Opinia przygotowywana jest na pi\u015bmie przez prawnika posiadaj\u0105cego wiedz\u0119 w zakresie prawa szwedzkiego jak i polskiego w oparciu o przedstawiony przez klienta stan faktyczny oraz przes\u0142ane dokumenty. Opinia prawna zwykle dotyczy konkretnego problemu prawnego i zawiera proponowane rozwi\u0105zanie. Klient wraz z prawnikiem ustala zakres opinii i termin jej wykonania. Opinia prawna sporz\u0105dzona\u00a0 przez prawnika mo\u017ce zosta\u0107\u00a0 zlecona\u00a0 zar\u00f3wno przez firmy,\u00a0 jak i osoby fizyczne.<\/p><p><strong>Post\u0119powanie administracyjne od 12 000 sek + VAT<\/strong><br \/>Specjalistyczna pomoc prawna, polegaj\u0105ca na reprezentacji klienta przez prawnika w post\u0119powaniu przed organem administracyjnym.<\/p><p><strong>Post\u0119powanie s\u0105dowe od 18 000 sek + VAT<\/strong><br \/>Specjalistyczna pomoc prawna, polegaj\u0105ca na reprezentacji klienta przez prawnika przed s\u0105dem.<\/p>\t\t\t\t\t\t\t\t<\/div>\n\t\t\t\t<\/div>\n\t\t\t\t\t<\/div>\n\t\t<\/div>\n\t\t\t\t<div class=\"elementor-column elementor-col-50 elementor-top-column elementor-element elementor-element-bf909b0\" data-id=\"bf909b0\" data-element_type=\"column\" data-e-type=\"column\">\n\t\t\t<div class=\"elementor-widget-wrap elementor-element-populated\">\n\t\t\t\t\t\t<div class=\"elementor-element elementor-element-1a91298 elementor-widget elementor-widget-image\" data-id=\"1a91298\" data-element_type=\"widget\" data-e-type=\"widget\" data-widget_type=\"image.default\">\n\t\t\t\t<div class=\"elementor-widget-container\">\n\t\t\t\t\t\t\t\t\t\t\t\t\t\t\t<img fetchpriority=\"high\" decoding=\"async\" width=\"768\" height=\"1024\" src=\"https:\/\/media.mincpartners.com\/sites\/6\/Minc_Martin-768x1024.jpg\" class=\"attachment-large size-large wp-image-2418\" alt=\"\" srcset=\"https:\/\/media.mincpartners.com\/sites\/6\/Minc_Martin-768x1024.jpg 768w, https:\/\/media.mincpartners.com\/sites\/6\/Minc_Martin-225x300.jpg 225w, https:\/\/media.mincpartners.com\/sites\/6\/Minc_Martin-1152x1536.jpg 1152w, https:\/\/media.mincpartners.com\/sites\/6\/Minc_Martin.jpg 1500w\" sizes=\"(max-width: 768px) 100vw, 768px\" \/>\t\t\t\t\t\t\t\t\t\t\t\t\t\t\t<\/div>\n\t\t\t\t<\/div>\n\t\t\t\t<div class=\"elementor-element elementor-element-36b8bf3 elementor-widget elementor-widget-text-editor\" data-id=\"36b8bf3\" data-element_type=\"widget\" data-e-type=\"widget\" data-widget_type=\"text-editor.default\">\n\t\t\t\t<div class=\"elementor-widget-container\">\n\t\t\t\t\t\t\t\t\t<p><strong>+48 22 10 10 226<\/strong><br \/><em><strong>\u00a0mm@mincpartners.com<\/strong><\/em><\/p>\t\t\t\t\t\t\t\t<\/div>\n\t\t\t\t<\/div>\n\t\t\t\t\t<\/div>\n\t\t<\/div>\n\t\t\t\t\t<\/div>\n\t\t<\/section>\n\t\t\t\t<section class=\"elementor-section elementor-top-section elementor-element elementor-element-7b35764 elementor-section-full_width elementor-section-height-default elementor-section-height-default\" data-id=\"7b35764\" data-element_type=\"section\" data-e-type=\"section\">\n\t\t\t\t\t\t<div class=\"elementor-container elementor-column-gap-default\">\n\t\t\t\t\t<div class=\"elementor-column elementor-col-100 elementor-top-column elementor-element elementor-element-32a5829\" data-id=\"32a5829\" data-element_type=\"column\" data-e-type=\"column\" data-settings=\"{&quot;background_background&quot;:&quot;classic&quot;}\">\n\t\t\t<div class=\"elementor-widget-wrap elementor-element-populated\">\n\t\t\t\t\t<div class=\"elementor-background-overlay\"><\/div>\n\t\t\t\t\t\t<section class=\"elementor-section elementor-inner-section elementor-element elementor-element-2f2e90c elementor-section-boxed elementor-section-height-default elementor-section-height-default\" data-id=\"2f2e90c\" data-element_type=\"section\" data-e-type=\"section\">\n\t\t\t\t\t\t<div class=\"elementor-container elementor-column-gap-default\">\n\t\t\t\t\t<div class=\"elementor-column elementor-col-50 elementor-inner-column elementor-element elementor-element-e70b05f\" data-id=\"e70b05f\" data-element_type=\"column\" data-e-type=\"column\">\n\t\t\t<div class=\"elementor-widget-wrap elementor-element-populated\">\n\t\t\t\t\t\t<div class=\"elementor-element elementor-element-a9b78cc elementor-widget elementor-widget-text-editor\" data-id=\"a9b78cc\" data-element_type=\"widget\" data-e-type=\"widget\" data-widget_type=\"text-editor.default\">\n\t\t\t\t<div class=\"elementor-widget-container\">\n\t\t\t\t\t\t\t\t\t<p>Zadzwo\u0144<\/p>\t\t\t\t\t\t\t\t<\/div>\n\t\t\t\t<\/div>\n\t\t\t\t<div class=\"elementor-element elementor-element-b94c6be elementor-widget elementor-widget-spacer\" data-id=\"b94c6be\" data-element_type=\"widget\" data-e-type=\"widget\" data-widget_type=\"spacer.default\">\n\t\t\t\t<div class=\"elementor-widget-container\">\n\t\t\t\t\t\t\t<div class=\"elementor-spacer\">\n\t\t\t<div class=\"elementor-spacer-inner\"><\/div>\n\t\t<\/div>\n\t\t\t\t\t\t<\/div>\n\t\t\t\t<\/div>\n\t\t\t\t<div class=\"elementor-element elementor-element-c34145a elementor-view-default elementor-widget elementor-widget-icon\" data-id=\"c34145a\" data-element_type=\"widget\" data-e-type=\"widget\" data-widget_type=\"icon.default\">\n\t\t\t\t<div class=\"elementor-widget-container\">\n\t\t\t\t\t\t\t<div class=\"elementor-icon-wrapper\">\n\t\t\t<div class=\"elementor-icon\">\n\t\t\t<i aria-hidden=\"true\" class=\"fas fa-phone-square-alt\"><\/i>\t\t\t<\/div>\n\t\t<\/div>\n\t\t\t\t\t\t<\/div>\n\t\t\t\t<\/div>\n\t\t\t\t<div class=\"elementor-element elementor-element-fc4f4b0 elementor-widget elementor-widget-text-editor\" data-id=\"fc4f4b0\" data-element_type=\"widget\" data-e-type=\"widget\" data-widget_type=\"text-editor.default\">\n\t\t\t\t<div class=\"elementor-widget-container\">\n\t\t\t\t\t\t\t\t\t<p>+ 48 22 10 10 226<\/p>\t\t\t\t\t\t\t\t<\/div>\n\t\t\t\t<\/div>\n\t\t\t\t\t<\/div>\n\t\t<\/div>\n\t\t\t\t<div class=\"elementor-column elementor-col-50 elementor-inner-column elementor-element elementor-element-2e4a4e2\" data-id=\"2e4a4e2\" data-element_type=\"column\" data-e-type=\"column\">\n\t\t\t<div class=\"elementor-widget-wrap elementor-element-populated\">\n\t\t\t\t\t\t<div class=\"elementor-element elementor-element-673dab6 elementor-widget elementor-widget-text-editor\" data-id=\"673dab6\" data-element_type=\"widget\" data-e-type=\"widget\" data-widget_type=\"text-editor.default\">\n\t\t\t\t<div class=\"elementor-widget-container\">\n\t\t\t\t\t\t\t\t\t<p>Napisz<\/p>\t\t\t\t\t\t\t\t<\/div>\n\t\t\t\t<\/div>\n\t\t\t\t<div class=\"elementor-element elementor-element-6e73d64 elementor-button-align-stretch elementor-widget elementor-widget-form\" data-id=\"6e73d64\" data-element_type=\"widget\" data-e-type=\"widget\" data-settings=\"{&quot;step_next_label&quot;:&quot;Next&quot;,&quot;step_previous_label&quot;:&quot;Previous&quot;,&quot;button_width&quot;:&quot;100&quot;,&quot;step_type&quot;:&quot;number_text&quot;,&quot;step_icon_shape&quot;:&quot;circle&quot;}\" data-widget_type=\"form.default\">\n\t\t\t\t<div class=\"elementor-widget-container\">\n\t\t\t\t\t\t\t<form class=\"elementor-form\" method=\"post\" name=\"kontakt PL\">\n\t\t\t<input type=\"hidden\" name=\"post_id\" value=\"939\"\/>\n\t\t\t<input type=\"hidden\" name=\"form_id\" value=\"6e73d64\"\/>\n\t\t\t<input type=\"hidden\" name=\"referer_title\" value=\"Prawnik w Szwecji m\u00f3wi\u0105cy po polsku\" \/>\n\n\t\t\t\t\t\t\t<input type=\"hidden\" name=\"queried_id\" value=\"939\"\/>\n\t\t\t\n\t\t\t<div class=\"elementor-form-fields-wrapper elementor-labels-above\">\n\t\t\t\t\t\t\t\t<div class=\"elementor-field-type-text elementor-field-group elementor-column elementor-field-group-name elementor-col-100\">\n\t\t\t\t\t\t\t\t\t\t\t\t<label for=\"form-field-name\" class=\"elementor-field-label\">\n\t\t\t\t\t\t\t\tImi\u0119 i nazwisko\t\t\t\t\t\t\t<\/label>\n\t\t\t\t\t\t\t\t\t\t\t\t\t\t<input size=\"1\" type=\"text\" name=\"form_fields[name]\" id=\"form-field-name\" class=\"elementor-field elementor-size-sm  elementor-field-textual\">\n\t\t\t\t\t\t\t\t\t\t\t<\/div>\n\t\t\t\t\t\t\t\t<div class=\"elementor-field-type-email elementor-field-group elementor-column elementor-field-group-email elementor-col-100 elementor-field-required elementor-mark-required\">\n\t\t\t\t\t\t\t\t\t\t\t\t<label for=\"form-field-email\" class=\"elementor-field-label\">\n\t\t\t\t\t\t\t\tTw\u00f3j e-mail\t\t\t\t\t\t\t<\/label>\n\t\t\t\t\t\t\t\t\t\t\t\t\t\t<input size=\"1\" type=\"email\" name=\"form_fields[email]\" id=\"form-field-email\" class=\"elementor-field elementor-size-sm  elementor-field-textual\" required=\"required\">\n\t\t\t\t\t\t\t\t\t\t\t<\/div>\n\t\t\t\t\t\t\t\t<div class=\"elementor-field-type-text elementor-field-group elementor-column elementor-field-group-field_4208325 elementor-col-100\">\n\t\t\t\t\t\t\t\t\t\t\t\t<label for=\"form-field-field_4208325\" class=\"elementor-field-label\">\n\t\t\t\t\t\t\t\tTw\u00f3j nr. telefonu\t\t\t\t\t\t\t<\/label>\n\t\t\t\t\t\t\t\t\t\t\t\t\t\t<input size=\"1\" type=\"text\" name=\"form_fields[field_4208325]\" id=\"form-field-field_4208325\" class=\"elementor-field elementor-size-sm  elementor-field-textual\">\n\t\t\t\t\t\t\t\t\t\t\t<\/div>\n\t\t\t\t\t\t\t\t<div class=\"elementor-field-type-textarea elementor-field-group elementor-column elementor-field-group-message elementor-col-100\">\n\t\t\t\t\t\t\t\t\t\t\t\t<label for=\"form-field-message\" class=\"elementor-field-label\">\n\t\t\t\t\t\t\t\tTwoja wiadomo\u015b\u0107\t\t\t\t\t\t\t<\/label>\n\t\t\t\t\t\t<textarea class=\"elementor-field-textual elementor-field  elementor-size-sm\" name=\"form_fields[message]\" id=\"form-field-message\" rows=\"4\"><\/textarea>\t\t\t\t<\/div>\n\t\t\t\t\t\t\t\t<div class=\"elementor-field-group elementor-column elementor-field-type-submit elementor-col-100 e-form__buttons\">\n\t\t\t\t\t<button class=\"elementor-button elementor-size-sm\" type=\"submit\">\n\t\t\t\t\t\t<span class=\"elementor-button-content-wrapper\">\n\t\t\t\t\t\t\t\t\t\t\t\t\t\t\t\t\t\t\t\t\t\t<span class=\"elementor-button-text\">wy\u015blij<\/span>\n\t\t\t\t\t\t\t\t\t\t\t\t\t<\/span>\n\t\t\t\t\t<\/button>\n\t\t\t\t<\/div>\n\t\t\t<\/div>\n\t\t<\/form>\n\t\t\t\t\t\t<\/div>\n\t\t\t\t<\/div>\n\t\t\t\t\t<\/div>\n\t\t<\/div>\n\t\t\t\t\t<\/div>\n\t\t<\/section>\n\t\t\t\t\t<\/div>\n\t\t<\/div>\n\t\t\t\t\t<\/div>\n\t\t<\/section>\n\t\t\t\t<\/div>\n\t\t","protected":false},"excerpt":{"rendered":"<p>Martin Minc jest prawnikiem \u015bwiadcz\u0105cym us\u0142ugi prawne wzgl\u0119dem os\u00f3b prawnych i fizycznych w j\u0119zyku polskim, szwedzkim i angielskim na terenie Szwecji, w zakresie prawa cywilnego&hellip;<\/p>\n","protected":false},"author":1,"featured_media":0,"parent":0,"menu_order":104,"comment_status":"closed","ping_status":"closed","template":"","meta":{"footnotes":""},"class_list":["post-939","page","type-page","status-publish","hentry"],"_links":{"self":[{"href":"https:\/\/mincpartners.com\/pl\/wp-json\/wp\/v2\/pages\/939","targetHints":{"allow":["GET"]}}],"collection":[{"href":"https:\/\/mincpartners.com\/pl\/wp-json\/wp\/v2\/pages"}],"about":[{"href":"https:\/\/mincpartners.com\/pl\/wp-json\/wp\/v2\/types\/page"}],"author":[{"embeddable":true,"href":"https:\/\/mincpartners.com\/pl\/wp-json\/wp\/v2\/users\/1"}],"replies":[{"embeddable":true,"href":"https:\/\/mincpartners.com\/pl\/wp-json\/wp\/v2\/comments?post=939"}],"version-history":[{"count":184,"href":"https:\/\/mincpartners.com\/pl\/wp-json\/wp\/v2\/pages\/939\/revisions"}],"predecessor-version":[{"id":4421,"href":"https:\/\/mincpartners.com\/pl\/wp-json\/wp\/v2\/pages\/939\/revisions\/4421"}],"wp:attachment":[{"href":"https:\/\/mincpartners.com\/pl\/wp-json\/wp\/v2\/media?parent=939"}],"curies":[{"name":"wp","href":"https:\/\/api.w.org\/{rel}","templated":true}]}}