{"id":1081,"date":"2024-08-16T08:58:43","date_gmt":"2024-08-16T08:58:43","guid":{"rendered":"https:\/\/mincpartners.com\/se\/?page_id=1081"},"modified":"2025-07-16T05:57:05","modified_gmt":"2025-07-16T05:57:05","slug":"auktoriserad-oversattare-svenska-polska","status":"publish","type":"page","link":"https:\/\/mincpartners.com\/se\/auktoriserad-oversattare-svenska-polska\/","title":{"rendered":"Auktoriserad \u00f6vers\u00e4ttare mellan svenska och polska"},"content":{"rendered":"<p>Juristen Martin Minc \u00e4r i Polen auktoriserad tolk och \u00f6vers\u00e4ttare (t\u0142umacz przysi\u0119g\u0142y) med spetskompetens inom juridiska \u00f6vers\u00e4ttningar.<br data-start=\"327\" data-end=\"330\" \/>Som edsvuren \u00f6vers\u00e4ttare och tolk levererar han juridiskt korrekta \u00f6vers\u00e4ttningar av avtal, kontrakt, domar, fullmakter och andra r\u00e4ttshandlingar samt erbjuder kvalificerad tolkning vid f\u00f6rhandlingar, domstolsprocesser m.m. mellan svenska och polska.<\/p>\n<p>V\u00e4nligen notera att moms tillkommer p\u00e5 nedan angiven prislista.<\/p>\n<p>Priser f\u00f6r en sida av auktoriserad \u00f6vers\u00e4ttning fr\u00e5n polska till svenska eller svenska till polska (antal tecken med mellanslag per sida upp till 1 125).<\/p>\n<ul>\n<li>Ordinarie: Leverans inom 7 dagar\u00a0 \u00a0 \u00a0 \u00a0 \u00a0 \u00a0 \u00a0(400 SEK per sida)<\/li>\n<li>Snabb:\u00a0 \u00a0 \u00a0 \u00a0Leverans inom 3 dagar\u00a0 \u00a0 \u00a0 \u00a0 \u00a0 \u00a0 \u00a0(800 SEK per sida)<\/li>\n<li>Express:\u00a0 \u00a0 Leverans inom 24 timar\u00a0 \u00a0 \u00a0 \u00a0 \u00a0 \u00a0(1 200 SEK per sida)<\/li>\n<\/ul>\n<p>Kontakta mig g\u00e4rna direkt p\u00e5 telefonnummer +46 76 183 70 37 eller via mail p\u00e5 mm@mincpartners.com.<\/p>\n<p>Vi finns tillg\u00e4ngliga i b\u00e5de i Sverige och Polen med kontor i Stockholm och Warszawa.<\/p>\n<p><em>Observera att auktorisationen \u00e4r utf\u00e4rdad av Polens justitieministerium. Uppdrag som enligt svensk lag kr\u00e4ver en svensk auktoriserad translator utf\u00f6rs i samarbete med kollegor godk\u00e4nda av Kammarkollegiet<\/em>.<\/p>\n","protected":false},"excerpt":{"rendered":"<p>Juristen Martin Minc \u00e4r i Polen auktoriserad tolk och \u00f6vers\u00e4ttare (t\u0142umacz przysi\u0119g\u0142y) med spetskompetens inom juridiska \u00f6vers\u00e4ttningar.Som edsvuren \u00f6vers\u00e4ttare och tolk levererar han juridiskt korrekta&hellip;<\/p>\n","protected":false},"author":1,"featured_media":0,"parent":0,"menu_order":0,"comment_status":"closed","ping_status":"closed","template":"","meta":{"footnotes":""},"class_list":["post-1081","page","type-page","status-publish","hentry"],"_links":{"self":[{"href":"https:\/\/mincpartners.com\/se\/wp-json\/wp\/v2\/pages\/1081","targetHints":{"allow":["GET"]}}],"collection":[{"href":"https:\/\/mincpartners.com\/se\/wp-json\/wp\/v2\/pages"}],"about":[{"href":"https:\/\/mincpartners.com\/se\/wp-json\/wp\/v2\/types\/page"}],"author":[{"embeddable":true,"href":"https:\/\/mincpartners.com\/se\/wp-json\/wp\/v2\/users\/1"}],"replies":[{"embeddable":true,"href":"https:\/\/mincpartners.com\/se\/wp-json\/wp\/v2\/comments?post=1081"}],"version-history":[{"count":45,"href":"https:\/\/mincpartners.com\/se\/wp-json\/wp\/v2\/pages\/1081\/revisions"}],"predecessor-version":[{"id":1396,"href":"https:\/\/mincpartners.com\/se\/wp-json\/wp\/v2\/pages\/1081\/revisions\/1396"}],"wp:attachment":[{"href":"https:\/\/mincpartners.com\/se\/wp-json\/wp\/v2\/media?parent=1081"}],"curies":[{"name":"wp","href":"https:\/\/api.w.org\/{rel}","templated":true}]}}