{"id":1120,"date":"2024-12-11T15:27:29","date_gmt":"2024-12-11T15:27:29","guid":{"rendered":"https:\/\/mincpartners.com\/se\/?page_id=1120"},"modified":"2024-12-18T12:11:09","modified_gmt":"2024-12-18T12:11:09","slug":"arvsratt","status":"publish","type":"page","link":"https:\/\/mincpartners.com\/se\/juridik\/arvsratt\/","title":{"rendered":"Arvsr\u00e4tt"},"content":{"rendered":"<p>Arvsr\u00e4tten reglerar principerna f\u00f6r hur en avliden persons egendom f\u00f6rdelas mellan arvingarna. I de polska och svenska r\u00e4ttssystemen finns det vissa likheter, men \u00e4ven v\u00e4sentliga skillnader vad g\u00e4ller arvsprocedurer, uppr\u00e4ttandet av testamente samt l\u00f6sningar f\u00f6r internationella arvsfr\u00e5gor. I ett internationellt sammanhang spelar europeisk arvsr\u00e4tt och den internationella privatr\u00e4tten en avg\u00f6rande roll, vilket m\u00f6jligg\u00f6r effektiv f\u00f6rvaltning av gr\u00e4ns\u00f6verskridande tillg\u00e5ngar.<\/p>\n<p>Arvsr\u00e4tten i Sverige<br \/>\nDen svenska arvsr\u00e4tten reglerar fr\u00e5gor kring f\u00f6rdelningen av den avlidnes egendom och omfattar s\u00e5v\u00e4l laglott (arv enligt lag) som testamentsarv. Det centrala regelverket utg\u00f6rs av \u00c4rvdabalken, som fastst\u00e4ller principerna f\u00f6r arvskifte, arvets ordningsf\u00f6ljd samt arvingars r\u00e4ttigheter och skyldigheter. Det \u00e4r v\u00e4rt att po\u00e4ngtera att de n\u00e4rmaste sl\u00e4ktingarna i Sverige prioriteras, samt att makar och registrerade partner omfattas av ett s\u00e4rskilt r\u00e4ttsligt skydd. Vid internationella arvssituationer till\u00e4mpas \u00e4ven EU-r\u00e4tt, d\u00e4ribland EU-f\u00f6rordning nr 650\/2012, vilket g\u00f6r den svenska arvsr\u00e4tten till en viktig del vid gr\u00e4ns\u00f6verskridande arvsfr\u00e5gor.<\/p>\n<p>Arvsr\u00e4tten i Polen<br \/>\nDen polska arvsr\u00e4tten grundas p\u00e5 best\u00e4mmelserna i den polska civillagen (Kodeks cywilny), som f\u00f6reskriver tv\u00e5 huvudsakliga arvsformer: arv enligt lag och arv genom testamente. Om testamente saknas f\u00f6ljs den lagstadgade arvsordningen, d\u00e4r de n\u00e4rmaste anh\u00f6riga \u2013 barn och make\/maka \u2013 \u00e4rver f\u00f6rst. Ett testamente, som uppr\u00e4ttats i enlighet med formkraven, ger den avlidne m\u00f6jlighet att fritt f\u00f6rdela sina tillg\u00e5ngar p\u00e5 ett s\u00e4tt som avviker fr\u00e5n den lagstadgade ordningen.<\/p>\n<p>Bouppteckning (Spis inwentarza \/ Bouppteckning)<br \/>\nI Polen kan en inventarief\u00f6rteckning (spis inwentarza) uppr\u00e4ttas p\u00e5 beg\u00e4ran av ber\u00f6rda parter eller ex officio om det finns sk\u00e4l att anta att den avlidnes skulder \u00f6verstiger tillg\u00e5ngarnas v\u00e4rde. Syftet med inventarief\u00f6rteckningen \u00e4r att fastst\u00e4lla boets tillg\u00e5ngar och skulder, vilket \u00e4r avg\u00f6rande om arvingarna vill begr\u00e4nsa sitt ansvar f\u00f6r den avlidnes eventuella skulder.<\/p>\n<p>I Sverige \u00e4r bouppteckning ett obligatoriskt led i arvshanteringen. Dokumentet inneh\u00e5ller en fullst\u00e4ndig f\u00f6rteckning \u00f6ver den avlidnes tillg\u00e5ngar och skulder, samt information om arvingarna. Bouppteckningen ska vara uppr\u00e4ttad och inl\u00e4mnad till Skatteverket inom fyra m\u00e5nader fr\u00e5n d\u00f6dsfallet. Fel eller f\u00f6rsummelser i samband med bouppteckningen kan leda till r\u00e4ttsligt ansvar f\u00f6r arvingarna.<\/p>\n<p>Arvskifte (Nabycie spadku \/ Arvskifte)<br \/>\nI Polen kr\u00e4ver f\u00f6rv\u00e4rvet av arv ett formellt fastst\u00e4llande av arvtagarnas r\u00e4tt till arvet genom domstol eller notarie. Efter att arvingarna utsetts ska tillg\u00e5ngarna f\u00f6rdelas dem emellan. Denna process kallas arvskifte och kan genomf\u00f6ras genom \u00f6verenskommelse eller vid oenighet genom domstolsbeslut. Om det finns skulder i d\u00f6dsboet kan arvingarna begr\u00e4nsa sitt ansvar till boets v\u00e4rde genom att anta arvet med f\u00f6rm\u00e5n av inventarief\u00f6rteckning.<\/p>\n<p>I Sverige, efter att bouppteckningen \u00e4r gjord, sker arvskiftet. Arvskiftet kan ske genom \u00f6verenskommelse mellan arvingarna eller, om oenighet uppst\u00e5r, genom beslut i domstol. Det \u00e4r viktigt att alla parter \u00e4r \u00f6verens om f\u00f6rdelningen, eftersom tvister kan leda till l\u00e5ngdragna r\u00e4ttsprocesser.<\/p>\n<p>Uppr\u00e4ttande av testamente<br \/>\nI Polen kan testamente uppr\u00e4ttas i olika former, bland annat skriftligt, notariellt, muntligt (under vissa omst\u00e4ndigheter) eller inf\u00f6r en beh\u00f6rig myndighet (alografiskt). Testamentets giltighet beror p\u00e5 att formkraven f\u00f6ljs. Genom testamente kan den avlidne sj\u00e4lv best\u00e4mma \u00f6ver f\u00f6rdelningen av sin egendom och utesluta vissa lagstadgade arvingar. Man b\u00f6r dock notera att vissa personer, till exempel barn, har r\u00e4tt till laglott (zachowek), det vill s\u00e4ga en del av arvet oavsett testamentsinneh\u00e5llet.<\/p>\n<p>I Sverige m\u00e5ste ett testamente vara skriftligt och undertecknas i n\u00e4rvaro av tv\u00e5 vittnen. Svensk arvsr\u00e4tt f\u00f6reskriver dock vissa begr\u00e4nsningar, till exempel barnens r\u00e4tt till laglott (laglott), vilket inneb\u00e4r att barnen har r\u00e4tt till h\u00e4lften av sitt lagstadgade arv, oavsett testamentets inneh\u00e5ll.<\/p>\n<p>Testamentsexekutor<br \/>\nI Polen kan testator utse en testamentsexekutor i sitt testamente. Exekutorns uppgift \u00e4r att f\u00f6rvalta d\u00f6dsboet, verkst\u00e4lla testamentets best\u00e4mmelser och genomf\u00f6ra arvskiftet i enlighet med lagstiftningen och testators vilja.<\/p>\n<p>I Sverige finns motsvarande m\u00f6jlighet att utse en testamentsexekutor (testamentsexekutor), vars uppgift \u00e4r att verkst\u00e4lla den avlidnes vilja. Testamentsexekutorn har r\u00e4tt att f\u00f6rvalta arvet och spelar en s\u00e4rskilt viktig roll om arvingarna inte kan enas om f\u00f6rdelningen av tillg\u00e5ngarna.<\/p>\n<p>Internationellt perspektiv<br \/>\nVid internationella arvs\u00e4renden \u00e4r EU-f\u00f6rordning nr 650\/2012 av s\u00e4rskild betydelse. Denna f\u00f6rordning inf\u00f6r enhetliga regler f\u00f6r beh\u00f6righet, till\u00e4mplig lag samt erk\u00e4nnande och verkst\u00e4llighet av domar i arvsfr\u00e5gor inom EU:s medlemsstater. Enligt f\u00f6rordningen \u00e4r den till\u00e4mpliga lagen f\u00f6r arvet i regel lagen i det land d\u00e4r den avlidne hade sin sista hemvist. Det \u00e4r dock m\u00f6jligt att g\u00f6ra ett lagval, vilket till\u00e5ter testator att v\u00e4lja lagen i det land d\u00e4r denne \u00e4r medborgare som till\u00e4mplig lag f\u00f6r hela arvet.<\/p>\n<p>Europeiskt arvsintyg<br \/>\nEtt europeiskt arvsintyg \u00e4r ett officiellt dokument som utf\u00e4rdas enligt EU-f\u00f6rordning nr 650\/2012. Intyget syftar till att underl\u00e4tta f\u00f6r arvingar, testamentstagare och testamentsexekutorer att bevisa sin r\u00e4tt till arv inom EU:s medlemsstater. Genom att anv\u00e4nda arvsintyget kan man undvika olika nationella f\u00f6rfaranden och p\u00e5 s\u00e5 s\u00e4tt hantera gr\u00e4ns\u00f6verskridande arv effektivare. Intyget \u00e4r giltigt i alla EU-l\u00e4nder, f\u00f6rutom Danmark, Irland och Storbritannien (numera ej medlemmar). Vi kan hj\u00e4lpa er att sammanst\u00e4lla ett s\u00e5dant i Polen eller Sverige om du beh\u00f6ver bevis din r\u00e4tt i annat EU-land. H\u00e4r hittar du mer information om det <a href=\"https:\/\/mincpartners.com\/se\/juridik\/europeiskt-arvsintyg\/\">Europeiska arvsintyget<\/a>.<\/p>\n<p>Internationella arvstvister kan \u00e4ven omfatta egendom bel\u00e4gen i olika jurisdiktioner, vilket kr\u00e4ver samverkan mellan olika r\u00e4ttssystem och noggrann k\u00e4nnedom om best\u00e4mmelserna f\u00f6r gr\u00e4ns\u00f6verskridande arv.<\/p>\n<p>Professionell juridisk r\u00e5dgivning<br \/>\nArvsr\u00e4tt, b\u00e5de p\u00e5 nationell och internationell niv\u00e5, \u00e4r ett omr\u00e5de som kr\u00e4ver s\u00e4rskild uppm\u00e4rksamhet och juridisk expertis. V\u00e5r byr\u00e5, Minc Partners, erbjuder omfattande juridisk hj\u00e4lp vid uppr\u00e4ttande av testamenten, genomf\u00f6rande av bouppteckningar, arvskiften samt representation av arvingar i domstolsf\u00f6rfaranden. Tack vare v\u00e5r erfarenhet av internationella \u00e4renden hj\u00e4lper vi v\u00e5ra klienter att minimera de juridiska riskerna vid gr\u00e4ns\u00f6verskridande arv och erbjuder st\u00f6d under hela arvsprocessen.<\/p>\n","protected":false},"excerpt":{"rendered":"<p>Arvsr\u00e4tten reglerar principerna f\u00f6r hur en avliden persons egendom f\u00f6rdelas mellan arvingarna. I de polska och svenska r\u00e4ttssystemen finns det vissa likheter, men \u00e4ven v\u00e4sentliga&hellip;<\/p>\n","protected":false},"author":1,"featured_media":0,"parent":802,"menu_order":3,"comment_status":"closed","ping_status":"closed","template":"","meta":{"footnotes":""},"class_list":["post-1120","page","type-page","status-publish","hentry"],"_links":{"self":[{"href":"https:\/\/mincpartners.com\/se\/wp-json\/wp\/v2\/pages\/1120","targetHints":{"allow":["GET"]}}],"collection":[{"href":"https:\/\/mincpartners.com\/se\/wp-json\/wp\/v2\/pages"}],"about":[{"href":"https:\/\/mincpartners.com\/se\/wp-json\/wp\/v2\/types\/page"}],"author":[{"embeddable":true,"href":"https:\/\/mincpartners.com\/se\/wp-json\/wp\/v2\/users\/1"}],"replies":[{"embeddable":true,"href":"https:\/\/mincpartners.com\/se\/wp-json\/wp\/v2\/comments?post=1120"}],"version-history":[{"count":3,"href":"https:\/\/mincpartners.com\/se\/wp-json\/wp\/v2\/pages\/1120\/revisions"}],"predecessor-version":[{"id":1164,"href":"https:\/\/mincpartners.com\/se\/wp-json\/wp\/v2\/pages\/1120\/revisions\/1164"}],"up":[{"embeddable":true,"href":"https:\/\/mincpartners.com\/se\/wp-json\/wp\/v2\/pages\/802"}],"wp:attachment":[{"href":"https:\/\/mincpartners.com\/se\/wp-json\/wp\/v2\/media?parent=1120"}],"curies":[{"name":"wp","href":"https:\/\/api.w.org\/{rel}","templated":true}]}}