{"id":40,"date":"2018-11-02T13:38:17","date_gmt":"2018-11-02T13:38:17","guid":{"rendered":"http:\/\/mincpartners.com\/se\/?page_id=40"},"modified":"2025-03-11T15:23:08","modified_gmt":"2025-03-11T15:23:08","slug":"om-oss","status":"publish","type":"page","link":"https:\/\/mincpartners.com\/se\/om-oss\/","title":{"rendered":"Om oss"},"content":{"rendered":"\t\t<div data-elementor-type=\"wp-page\" data-elementor-id=\"40\" class=\"elementor elementor-40\" data-elementor-post-type=\"page\">\n\t\t\t\t\t\t<section class=\"elementor-section elementor-top-section elementor-element elementor-element-2d7c0453 elementor-section-boxed elementor-section-height-default elementor-section-height-default\" data-id=\"2d7c0453\" data-element_type=\"section\" data-e-type=\"section\">\n\t\t\t\t\t\t<div class=\"elementor-container elementor-column-gap-default\">\n\t\t\t\t\t<div class=\"elementor-column elementor-col-100 elementor-top-column elementor-element elementor-element-49eaee43\" data-id=\"49eaee43\" data-element_type=\"column\" data-e-type=\"column\">\n\t\t\t<div class=\"elementor-widget-wrap elementor-element-populated\">\n\t\t\t\t\t\t\t<\/div>\n\t\t<\/div>\n\t\t\t\t\t<\/div>\n\t\t<\/section>\n\t\t\t\t<section class=\"elementor-section elementor-top-section elementor-element elementor-element-18e0c31 elementor-section-boxed elementor-section-height-default elementor-section-height-default\" data-id=\"18e0c31\" data-element_type=\"section\" data-e-type=\"section\">\n\t\t\t\t\t\t<div class=\"elementor-container elementor-column-gap-default\">\n\t\t\t\t\t<div class=\"elementor-column elementor-col-33 elementor-top-column elementor-element elementor-element-51feae8\" data-id=\"51feae8\" data-element_type=\"column\" data-e-type=\"column\">\n\t\t\t<div class=\"elementor-widget-wrap elementor-element-populated\">\n\t\t\t\t\t\t<div class=\"elementor-element elementor-element-763cc36 elementor-widget elementor-widget-image\" data-id=\"763cc36\" data-element_type=\"widget\" data-e-type=\"widget\" data-widget_type=\"image.default\">\n\t\t\t\t<div class=\"elementor-widget-container\">\n\t\t\t\t\t\t\t\t\t\t\t\t\t\t\t\t<a href=\"http:\/\/media.mincpartners.com\/sites\/6\/Martin-252x300.png\">\n\t\t\t\t\t\t\t<img decoding=\"async\" src=\"http:\/\/media.mincpartners.com\/sites\/6\/Martin-252x300.png\" title=\"\" alt=\"\" loading=\"lazy\" \/>\t\t\t\t\t\t\t\t<\/a>\n\t\t\t\t\t\t\t\t\t\t\t\t\t\t\t<\/div>\n\t\t\t\t<\/div>\n\t\t\t\t\t<\/div>\n\t\t<\/div>\n\t\t\t\t<div class=\"elementor-column elementor-col-66 elementor-top-column elementor-element elementor-element-dd703b2\" data-id=\"dd703b2\" data-element_type=\"column\" data-e-type=\"column\">\n\t\t\t<div class=\"elementor-widget-wrap elementor-element-populated\">\n\t\t\t\t\t\t<div class=\"elementor-element elementor-element-4767d68 elementor-widget elementor-widget-text-editor\" data-id=\"4767d68\" data-element_type=\"widget\" data-e-type=\"widget\" data-widget_type=\"text-editor.default\">\n\t\t\t\t<div class=\"elementor-widget-container\">\n\t\t\t\t\t\t\t\t\t<p>Martin har m\u00e5nga \u00e5rs erfarenhet inom n\u00e4ringslivet och en rad olika befattningar p\u00e5 f\u00f6retag \u00e4r han en business-minded aff\u00e4rsjurist som l\u00e4gger vikt p\u00e5 att f\u00f6rst\u00e5 aff\u00e4ren innan det juridiska arbetet p\u00e5b\u00f6rjas. Han har m\u00e5nga \u00e5rs erfarenhet utav internationellt arbete i Europa med den Europeiska lagstiftningen som spelplan och ser p\u00e5 komplexa fr\u00e5gor ur ett helhetsperspektiv.<\/p><p>Martin Minc (Jurist LL.M.)<br \/>+46 761 837 037<br \/>mm@mincpartners.com<\/p><p><a href=\"https:\/\/www.linkedin.com\/in\/martin-minc-34777616\/\">Linked In<\/a><\/p>\t\t\t\t\t\t\t\t<\/div>\n\t\t\t\t<\/div>\n\t\t\t\t\t<\/div>\n\t\t<\/div>\n\t\t\t\t\t<\/div>\n\t\t<\/section>\n\t\t\t\t<section class=\"elementor-section elementor-top-section elementor-element elementor-element-84577b8 elementor-section-boxed elementor-section-height-default elementor-section-height-default\" data-id=\"84577b8\" data-element_type=\"section\" data-e-type=\"section\">\n\t\t\t\t\t\t<div class=\"elementor-container elementor-column-gap-default\">\n\t\t\t\t\t<div class=\"elementor-column elementor-col-33 elementor-top-column elementor-element elementor-element-b490585\" data-id=\"b490585\" data-element_type=\"column\" data-e-type=\"column\">\n\t\t\t<div class=\"elementor-widget-wrap elementor-element-populated\">\n\t\t\t\t\t\t<div class=\"elementor-element elementor-element-88640e3 elementor-widget__width-initial elementor-widget elementor-widget-image\" data-id=\"88640e3\" data-element_type=\"widget\" data-e-type=\"widget\" data-widget_type=\"image.default\">\n\t\t\t\t<div class=\"elementor-widget-container\">\n\t\t\t\t\t\t\t\t\t\t\t\t\t\t\t<img decoding=\"async\" src=\"http:\/\/media.mincpartners.com\/sites\/5\/emilia-1.jpg\" title=\"\" alt=\"\" loading=\"lazy\" \/>\t\t\t\t\t\t\t\t\t\t\t\t\t\t\t<\/div>\n\t\t\t\t<\/div>\n\t\t\t\t\t<\/div>\n\t\t<\/div>\n\t\t\t\t<div class=\"elementor-column elementor-col-66 elementor-top-column elementor-element elementor-element-ceb8b5f\" data-id=\"ceb8b5f\" data-element_type=\"column\" data-e-type=\"column\">\n\t\t\t<div class=\"elementor-widget-wrap elementor-element-populated\">\n\t\t\t\t\t\t<div class=\"elementor-element elementor-element-6ac2282 elementor-widget elementor-widget-text-editor\" data-id=\"6ac2282\" data-element_type=\"widget\" data-e-type=\"widget\" data-widget_type=\"text-editor.default\">\n\t\t\t\t<div class=\"elementor-widget-container\">\n\t\t\t\t\t\t\t\t\t<p>Emilia har m\u00e5ng\u00e5rig erfarenhet av bokf\u00f6ring och redovisning b\u00e5de Polen och Sverige, hon \u00e4r redo f\u00f6r utmanande redovisningsfr\u00e5gor men ocks\u00e5 l\u00f6pande bokf\u00f6ring.<\/p>\n<p>Emila Witek-Minc (Polsk redovisningskonsult)<br>+48 506 191 525<br>ewm@mincpartners.com<\/p>\n<p><a href=\"https:\/\/www.linkedin.com\/in\/emilia-witek-minc-6a7abb64\/\">Linked In<\/a><\/p>\t\t\t\t\t\t\t\t<\/div>\n\t\t\t\t<\/div>\n\t\t\t\t\t<\/div>\n\t\t<\/div>\n\t\t\t\t\t<\/div>\n\t\t<\/section>\n\t\t\t\t<\/div>\n\t\t","protected":false},"excerpt":{"rendered":"<p>Martin har m\u00e5nga \u00e5rs erfarenhet inom n\u00e4ringslivet och en rad olika befattningar p\u00e5 f\u00f6retag \u00e4r han en business-minded aff\u00e4rsjurist som l\u00e4gger vikt p\u00e5 att f\u00f6rst\u00e5&hellip;<\/p>\n","protected":false},"author":2,"featured_media":0,"parent":0,"menu_order":0,"comment_status":"closed","ping_status":"closed","template":"","meta":{"footnotes":""},"class_list":["post-40","page","type-page","status-publish","hentry"],"_links":{"self":[{"href":"https:\/\/mincpartners.com\/se\/wp-json\/wp\/v2\/pages\/40","targetHints":{"allow":["GET"]}}],"collection":[{"href":"https:\/\/mincpartners.com\/se\/wp-json\/wp\/v2\/pages"}],"about":[{"href":"https:\/\/mincpartners.com\/se\/wp-json\/wp\/v2\/types\/page"}],"author":[{"embeddable":true,"href":"https:\/\/mincpartners.com\/se\/wp-json\/wp\/v2\/users\/2"}],"replies":[{"embeddable":true,"href":"https:\/\/mincpartners.com\/se\/wp-json\/wp\/v2\/comments?post=40"}],"version-history":[{"count":148,"href":"https:\/\/mincpartners.com\/se\/wp-json\/wp\/v2\/pages\/40\/revisions"}],"predecessor-version":[{"id":1170,"href":"https:\/\/mincpartners.com\/se\/wp-json\/wp\/v2\/pages\/40\/revisions\/1170"}],"wp:attachment":[{"href":"https:\/\/mincpartners.com\/se\/wp-json\/wp\/v2\/media?parent=40"}],"curies":[{"name":"wp","href":"https:\/\/api.w.org\/{rel}","templated":true}]}}