{"id":490,"date":"2020-11-26T14:00:11","date_gmt":"2020-11-26T14:00:11","guid":{"rendered":"http:\/\/mincpartners.com\/se\/?page_id=490"},"modified":"2024-12-16T15:58:06","modified_gmt":"2024-12-16T15:58:06","slug":"start","status":"publish","type":"page","link":"https:\/\/mincpartners.com\/se\/","title":{"rendered":"start"},"content":{"rendered":"\t\t<div data-elementor-type=\"wp-page\" data-elementor-id=\"490\" class=\"elementor elementor-490\" data-elementor-post-type=\"page\">\n\t\t\t\t\t\t<section class=\"elementor-section elementor-top-section elementor-element elementor-element-80b5918 elementor-section-full_width elementor-section-height-full elementor-hidden-phone elementor-section-height-default elementor-section-items-middle elementor-invisible\" data-id=\"80b5918\" data-element_type=\"section\" data-e-type=\"section\" data-settings=\"{&quot;animation&quot;:&quot;fadeIn&quot;,&quot;background_background&quot;:&quot;slideshow&quot;,&quot;background_slideshow_gallery&quot;:[{&quot;id&quot;:521,&quot;url&quot;:&quot;http:\\\/\\\/media.mincpartners.com\\\/sites\\\/5\\\/Stockholm-Sweden.jpg&quot;}],&quot;background_slideshow_slide_duration&quot;:5000,&quot;background_slideshow_slide_transition&quot;:&quot;fade&quot;,&quot;background_slideshow_transition_duration&quot;:500}\">\n\t\t\t\t\t\t<div class=\"elementor-container elementor-column-gap-default\">\n\t\t\t\t\t<div class=\"elementor-column elementor-col-100 elementor-top-column elementor-element elementor-element-9b0533a\" data-id=\"9b0533a\" data-element_type=\"column\" data-e-type=\"column\">\n\t\t\t<div class=\"elementor-widget-wrap elementor-element-populated\">\n\t\t\t\t\t\t<div class=\"elementor-element elementor-element-27d8db7 elementor-widget__width-initial elementor-absolute elementor-hidden-phone elementor-hidden-tablet elementor-widget elementor-widget-heading\" data-id=\"27d8db7\" data-element_type=\"widget\" data-e-type=\"widget\" data-settings=\"{&quot;_position&quot;:&quot;absolute&quot;}\" data-widget_type=\"heading.default\">\n\t\t\t\t<div class=\"elementor-widget-container\">\n\t\t\t\t\t<span class=\"elementor-heading-title elementor-size-small\">Minc &amp; Partners tillhandah\u00e5ller privatpersoner och  f\u00f6retag h\u00f6gkvalitativ juridisk r\u00e5dgivning med fokus p\u00e5 Sverige och Polen. Vi har en unik spetskompetens inom polsk och svensk r\u00e4ttsordning. V\u00e5ra kunder inkluderar framf\u00f6rallt polska och svenska f\u00f6retag, organisationer men ocks\u00e5 privatpersoner. Vi arbetar med f\u00f6rvaltningsr\u00e4tt och civilr\u00e4tt. Vi str\u00e4var efter att f\u00f6rst\u00e5 de utmaningar som v\u00e5ra kunder st\u00e5r inf\u00f6r, samtidigt som vi har m\u00e5nga \u00e5rs erfarenhet p\u00e5 ovan n\u00e4mnda marknader.<\/span>\t\t\t\t<\/div>\n\t\t\t\t<\/div>\n\t\t\t\t\t<\/div>\n\t\t<\/div>\n\t\t\t\t\t<\/div>\n\t\t<\/section>\n\t\t\t\t<section class=\"elementor-section elementor-top-section elementor-element elementor-element-7f90b50 elementor-section-boxed elementor-section-height-default elementor-section-height-default\" data-id=\"7f90b50\" data-element_type=\"section\" data-e-type=\"section\">\n\t\t\t\t\t\t<div class=\"elementor-container elementor-column-gap-no\">\n\t\t\t\t\t<div class=\"elementor-column elementor-col-100 elementor-top-column elementor-element elementor-element-afa376e\" data-id=\"afa376e\" data-element_type=\"column\" data-e-type=\"column\">\n\t\t\t<div class=\"elementor-widget-wrap elementor-element-populated\">\n\t\t\t\t\t\t<div class=\"elementor-element elementor-element-1deb259 elementor-hidden-desktop elementor-widget elementor-widget-text-editor\" data-id=\"1deb259\" data-element_type=\"widget\" data-e-type=\"widget\" data-widget_type=\"text-editor.default\">\n\t\t\t\t<div class=\"elementor-widget-container\">\n\t\t\t\t\t\t\t\t\t<p>Minc &amp; Partners AB tillhandah\u00e5ller f\u00f6retag h\u00f6gkvalitativ juridisk r\u00e5dgivning internationellt med fokus p\u00e5 Sverige och Polen. Vi har en unik spetskompetens om polsk och svensk r\u00e4tt. V\u00e5ra kunder inkluderar framf\u00f6rallt polska och svenska f\u00f6retag, organisationer samt privatpersoner. Vi specialiserar oss inom aff\u00e4rsjuridik och str\u00e4var efter att f\u00f6rst\u00e5 de aff\u00e4rsutmaningar som v\u00e5ra kunder st\u00e5r inf\u00f6r, samtidigt som vi anv\u00e4nder v\u00e5ra juridiska spetskompetens f\u00f6r att hitta de b\u00e4sta l\u00f6sningarna.<\/p>\t\t\t\t\t\t\t\t<\/div>\n\t\t\t\t<\/div>\n\t\t\t\t\t<\/div>\n\t\t<\/div>\n\t\t\t\t\t<\/div>\n\t\t<\/section>\n\t\t\t\t<section class=\"elementor-section elementor-top-section elementor-element elementor-element-22628e5 elementor-section-full_width elementor-section-height-default elementor-section-height-default\" data-id=\"22628e5\" data-element_type=\"section\" data-e-type=\"section\" data-settings=\"{&quot;background_background&quot;:&quot;classic&quot;}\">\n\t\t\t\t\t\t\t<div class=\"elementor-background-overlay\"><\/div>\n\t\t\t\t\t\t\t<div class=\"elementor-container elementor-column-gap-default\">\n\t\t\t\t\t<div class=\"elementor-column elementor-col-100 elementor-top-column elementor-element elementor-element-8056077\" data-id=\"8056077\" data-element_type=\"column\" data-e-type=\"column\">\n\t\t\t<div class=\"elementor-widget-wrap elementor-element-populated\">\n\t\t\t\t\t\t\t<\/div>\n\t\t<\/div>\n\t\t\t\t\t<\/div>\n\t\t<\/section>\n\t\t\t\t<section class=\"elementor-section elementor-top-section elementor-element elementor-element-14329a6 elementor-section-boxed elementor-section-height-default elementor-section-height-default\" data-id=\"14329a6\" data-element_type=\"section\" data-e-type=\"section\">\n\t\t\t\t\t\t<div class=\"elementor-container elementor-column-gap-narrow\">\n\t\t\t\t\t<div class=\"elementor-column elementor-col-33 elementor-top-column elementor-element elementor-element-a15c4b5\" data-id=\"a15c4b5\" data-element_type=\"column\" data-e-type=\"column\">\n\t\t\t<div class=\"elementor-widget-wrap elementor-element-populated\">\n\t\t\t\t\t\t<div class=\"elementor-element elementor-element-e760e8a elementor-widget elementor-widget-image-box\" data-id=\"e760e8a\" data-element_type=\"widget\" data-e-type=\"widget\" data-widget_type=\"image-box.default\">\n\t\t\t\t<div class=\"elementor-widget-container\">\n\t\t\t\t\t<div class=\"elementor-image-box-wrapper\"><div class=\"elementor-image-box-content\"><h3 class=\"elementor-image-box-title\"><a href=\"\/se\/juridik\/\">Juridiska tj\u00e4nster<\/a><\/h3><p class=\"elementor-image-box-description\">Vi arbetar med civil och f\u00f6rvaltningsr\u00e4ttens m\u00e5nga omr\u00e5den i Sverige och Polen.<\/p><\/div><\/div>\t\t\t\t<\/div>\n\t\t\t\t<\/div>\n\t\t\t\t\t<\/div>\n\t\t<\/div>\n\t\t\t\t<div class=\"elementor-column elementor-col-33 elementor-top-column elementor-element elementor-element-39e7591\" data-id=\"39e7591\" data-element_type=\"column\" data-e-type=\"column\">\n\t\t\t<div class=\"elementor-widget-wrap elementor-element-populated\">\n\t\t\t\t\t\t<div class=\"elementor-element elementor-element-dd15f88 elementor-widget elementor-widget-image-box\" data-id=\"dd15f88\" data-element_type=\"widget\" data-e-type=\"widget\" data-widget_type=\"image-box.default\">\n\t\t\t\t<div class=\"elementor-widget-container\">\n\t\t\t\t\t<div class=\"elementor-image-box-wrapper\"><div class=\"elementor-image-box-content\"><h3 class=\"elementor-image-box-title\"><a href=\"\/se\/bokforing-redovisning\/\">Bokf\u00f6ring &amp; Redovisning<\/a><\/h3><p class=\"elementor-image-box-description\">Vi tillhandah\u00e5ller redovisningstj\u00e4nster i Sverige och Polen f\u00f6r sm\u00e5 och medelstora f\u00f6retag.<\/p><\/div><\/div>\t\t\t\t<\/div>\n\t\t\t\t<\/div>\n\t\t\t\t\t<\/div>\n\t\t<\/div>\n\t\t\t\t<div class=\"elementor-column elementor-col-33 elementor-top-column elementor-element elementor-element-8e02fc2\" data-id=\"8e02fc2\" data-element_type=\"column\" data-e-type=\"column\">\n\t\t\t<div class=\"elementor-widget-wrap elementor-element-populated\">\n\t\t\t\t\t\t<div class=\"elementor-element elementor-element-7dd27da elementor-widget elementor-widget-image-box\" data-id=\"7dd27da\" data-element_type=\"widget\" data-e-type=\"widget\" data-widget_type=\"image-box.default\">\n\t\t\t\t<div class=\"elementor-widget-container\">\n\t\t\t\t\t<div class=\"elementor-image-box-wrapper\"><div class=\"elementor-image-box-content\"><h3 class=\"elementor-image-box-title\"><a href=\"\/se\/auktoriserad-oversattare-tolk-svenska-polska\/\">Auktoriserad \u00f6vers\u00e4ttare<\/a><\/h3><p class=\"elementor-image-box-description\">Vi utf\u00f6r auktoriserade \u00f6vers\u00e4ttningar mellan polska och svenska.<\/p><\/div><\/div>\t\t\t\t<\/div>\n\t\t\t\t<\/div>\n\t\t\t\t\t<\/div>\n\t\t<\/div>\n\t\t\t\t\t<\/div>\n\t\t<\/section>\n\t\t\t\t<\/div>\n\t\t","protected":false},"excerpt":{"rendered":"<p>Minc &#038; Partners tillhandah\u00e5ller privatpersoner och f\u00f6retag h\u00f6gkvalitativ juridisk r\u00e5dgivning med fokus p\u00e5 Sverige och Polen. Vi har en unik spetskompetens inom polsk och svensk&hellip;<\/p>\n","protected":false},"author":1,"featured_media":0,"parent":0,"menu_order":0,"comment_status":"closed","ping_status":"closed","template":"elementor_header_footer","meta":{"footnotes":""},"class_list":["post-490","page","type-page","status-publish","hentry"],"_links":{"self":[{"href":"https:\/\/mincpartners.com\/se\/wp-json\/wp\/v2\/pages\/490","targetHints":{"allow":["GET"]}}],"collection":[{"href":"https:\/\/mincpartners.com\/se\/wp-json\/wp\/v2\/pages"}],"about":[{"href":"https:\/\/mincpartners.com\/se\/wp-json\/wp\/v2\/types\/page"}],"author":[{"embeddable":true,"href":"https:\/\/mincpartners.com\/se\/wp-json\/wp\/v2\/users\/1"}],"replies":[{"embeddable":true,"href":"https:\/\/mincpartners.com\/se\/wp-json\/wp\/v2\/comments?post=490"}],"version-history":[{"count":275,"href":"https:\/\/mincpartners.com\/se\/wp-json\/wp\/v2\/pages\/490\/revisions"}],"predecessor-version":[{"id":1153,"href":"https:\/\/mincpartners.com\/se\/wp-json\/wp\/v2\/pages\/490\/revisions\/1153"}],"wp:attachment":[{"href":"https:\/\/mincpartners.com\/se\/wp-json\/wp\/v2\/media?parent=490"}],"curies":[{"name":"wp","href":"https:\/\/api.w.org\/{rel}","templated":true}]}}