{"id":765,"date":"2020-12-30T08:49:40","date_gmt":"2020-12-30T08:49:40","guid":{"rendered":"http:\/\/mincpartners.com\/se\/?page_id=765"},"modified":"2024-09-11T09:10:40","modified_gmt":"2024-09-11T09:10:40","slug":"svensktalande-jurist-polen","status":"publish","type":"page","link":"https:\/\/mincpartners.com\/se\/svensktalande-jurist-polen\/","title":{"rendered":"Svensktalande jurist i Polen"},"content":{"rendered":"\t\t<div data-elementor-type=\"wp-page\" data-elementor-id=\"765\" class=\"elementor elementor-765\" data-elementor-post-type=\"page\">\n\t\t\t\t\t\t<section class=\"elementor-section elementor-top-section elementor-element elementor-element-6cc7b34 elementor-section-boxed elementor-section-height-default elementor-section-height-default\" data-id=\"6cc7b34\" data-element_type=\"section\" data-e-type=\"section\">\n\t\t\t\t\t\t<div class=\"elementor-container elementor-column-gap-default\">\n\t\t\t\t\t<div class=\"elementor-column elementor-col-66 elementor-top-column elementor-element elementor-element-2fa1a58\" data-id=\"2fa1a58\" data-element_type=\"column\" data-e-type=\"column\">\n\t\t\t<div class=\"elementor-widget-wrap elementor-element-populated\">\n\t\t\t\t\t\t<div class=\"elementor-element elementor-element-15f8b65 elementor-widget elementor-widget-text-editor\" data-id=\"15f8b65\" data-element_type=\"widget\" data-e-type=\"widget\" data-widget_type=\"text-editor.default\">\n\t\t\t\t<div class=\"elementor-widget-container\">\n\t\t\t\t\t\t\t\t\t<p>Martin Minc \u00e4r en svensk-polsk jurist som tillhandah\u00e5ller juridiska tj\u00e4nster till f\u00f6retag och privatpersoner p\u00e5 svenska, polska och engelska i Polen och Sverige, vi \u00e5tar oss uppdrag inom civilr\u00e4tten och f\u00f6rvaltningsr\u00e4tten med fokus p\u00e5 f\u00f6ljande r\u00e4ttsomr\u00e5den:<\/p><ul><li>Internationell privatr\u00e4tt, civilr\u00e4ttsliga fr\u00e5gor n\u00e4r f\u00f6rfarandet \u00e4r gr\u00e4ns\u00f6verskridande.\u00a0<\/li><li>Avtalsr\u00e4tt, inklusive uppr\u00e4ttande av avtal mellan fysiska personer och f\u00f6retag, tvister om f\u00f6rpliktelser, fastighetsk\u00f6p, fullmakter.\u00a0<\/li><li>Arvsr\u00e4tt, inklusive bouppteckning, arvskifte, uppr\u00e4ttande av testamente, agerande som testamentsexekutor. Familjer\u00e4tt, uppr\u00e4ttande av \u00e4ktenskapsf\u00f6rord, bodelning vid skilsm\u00e4ssa, agerande som bodelningsman.\u00a0<\/li><li>Arbetsr\u00e4tt, inklusive tillvaratagande av arbetstagares r\u00e4ttigheter hos en svensk arbetsgivare. Fordringsr\u00e4tt, inkasso i Sverige, betalningsuppmaningar, indrivning av fordringar fr\u00e5n motparter genom Kronofogden eller domstol.\u00a0<\/li><li>Skatter\u00e4tt, tvister med Skatteverket, registrering av f\u00f6retag f\u00f6r moms, F-skatt etc.\u00a0<\/li><li>Entreprenadr\u00e4tt, tvister mellan entrepren\u00f6rer och best\u00e4llare av byggtj\u00e4nster. Tull- och transportlagstiftning, cabotage, tvister med Transportstyrelsen eller Tullverket.\u00a0<\/li><li>Skadest\u00e5ndsr\u00e4tt, tvister med f\u00f6rs\u00e4kringsbolag om ers\u00e4ttning och skadest\u00e5nd.\u00a0<\/li><li><span style=\"color: var( --e-global-color-text ); font-family: var( --e-global-typography-text-font-family ), Sans-serif; font-weight: var( --e-global-typography-text-font-weight );\">Aff\u00e4rsr\u00e4tt och bolagsr\u00e4tt, inklusive bildande av f\u00f6retag. Hyres- och fastighetsr\u00e4tt, ans\u00f6kan om lagfart, hyrestvister vid Hyresn\u00e4mnden etc. Konsumentr\u00e4tt, konsumenttvister med f\u00f6retag.\u00a0<\/span><\/li><li><span style=\"color: var( --e-global-color-text ); font-family: var( --e-global-typography-text-font-family ), Sans-serif; font-weight: var( --e-global-typography-text-font-weight );\">EU-r\u00e4tt, allm\u00e4n privatr\u00e4tt, till\u00e4mpning av EU-r\u00e4tten i Polen och Sverige.<\/span><\/li><\/ul><p style=\"text-align: left;\">Jag \u00e5tar mig att f\u00f6ra talan vid domstolar i Sverige och Polen i egenskap av processombud. V\u00e4ljer du att samarbeta med mig kan du lita p\u00e5 engagemang och tillf\u00f6rlitlighet samt en unik kombination av kunskap om tv\u00e5 r\u00e4ttsordningar \u2013 den svenska och den polska.<\/p><p style=\"text-align: left;\">Vi bist\u00e5r ocks\u00e5 med bolagsregistrering eller k\u00f6p av ett lagerbolag i Polen samt ans\u00f6kan om elektronisk signatur dvs. ett polskt \u201dBank ID\u201d eller \u201dpodpis elektroniczny\/profil zaufany\u201d.<\/p><p style=\"text-align: left;\">Kontakta mig g\u00e4rna direkt p\u00e5 telefonnummer +46 76 183 70 37 eller via mail p\u00e5 mm@mincpartners.com. Vi finns tillg\u00e4ngliga i b\u00e5de i Sverige och Polen med kontor i Stockholm och Warszawa.<\/p>\t\t\t\t\t\t\t\t<\/div>\n\t\t\t\t<\/div>\n\t\t\t\t\t<\/div>\n\t\t<\/div>\n\t\t\t\t<div class=\"elementor-column elementor-col-33 elementor-top-column elementor-element elementor-element-c38c63a\" data-id=\"c38c63a\" data-element_type=\"column\" data-e-type=\"column\">\n\t\t\t<div class=\"elementor-widget-wrap elementor-element-populated\">\n\t\t\t\t\t\t<div class=\"elementor-element elementor-element-dd6184c elementor-widget elementor-widget-image\" data-id=\"dd6184c\" data-element_type=\"widget\" data-e-type=\"widget\" data-widget_type=\"image.default\">\n\t\t\t\t<div class=\"elementor-widget-container\">\n\t\t\t\t\t\t\t\t\t\t\t\t\t\t\t<img fetchpriority=\"high\" decoding=\"async\" width=\"400\" height=\"476\" src=\"https:\/\/media.mincpartners.com\/sites\/5\/martin.png\" class=\"attachment-large size-large wp-image-859\" alt=\"\" srcset=\"https:\/\/media.mincpartners.com\/sites\/5\/martin.png 400w, https:\/\/media.mincpartners.com\/sites\/5\/martin-252x300.png 252w\" sizes=\"(max-width: 400px) 100vw, 400px\" \/>\t\t\t\t\t\t\t\t\t\t\t\t\t\t\t<\/div>\n\t\t\t\t<\/div>\n\t\t\t\t<div class=\"elementor-element elementor-element-1f82a5f elementor-widget elementor-widget-text-editor\" data-id=\"1f82a5f\" data-element_type=\"widget\" data-e-type=\"widget\" data-widget_type=\"text-editor.default\">\n\t\t\t\t<div class=\"elementor-widget-container\">\n\t\t\t\t\t\t\t\t\t<strong>+46 76 183 70 37<\/strong>\n<strong>mm@mincpartners.com<\/strong>\t\t\t\t\t\t\t\t<\/div>\n\t\t\t\t<\/div>\n\t\t\t\t\t<\/div>\n\t\t<\/div>\n\t\t\t\t\t<\/div>\n\t\t<\/section>\n\t\t\t\t<\/div>\n\t\t","protected":false},"excerpt":{"rendered":"<p>Martin Minc \u00e4r en svensk-polsk jurist som tillhandah\u00e5ller juridiska tj\u00e4nster till f\u00f6retag och privatpersoner p\u00e5 svenska, polska och engelska i Polen och Sverige, vi \u00e5tar&hellip;<\/p>\n","protected":false},"author":1,"featured_media":0,"parent":0,"menu_order":0,"comment_status":"closed","ping_status":"closed","template":"","meta":{"footnotes":""},"class_list":["post-765","page","type-page","status-publish","hentry"],"_links":{"self":[{"href":"https:\/\/mincpartners.com\/se\/wp-json\/wp\/v2\/pages\/765","targetHints":{"allow":["GET"]}}],"collection":[{"href":"https:\/\/mincpartners.com\/se\/wp-json\/wp\/v2\/pages"}],"about":[{"href":"https:\/\/mincpartners.com\/se\/wp-json\/wp\/v2\/types\/page"}],"author":[{"embeddable":true,"href":"https:\/\/mincpartners.com\/se\/wp-json\/wp\/v2\/users\/1"}],"replies":[{"embeddable":true,"href":"https:\/\/mincpartners.com\/se\/wp-json\/wp\/v2\/comments?post=765"}],"version-history":[{"count":95,"href":"https:\/\/mincpartners.com\/se\/wp-json\/wp\/v2\/pages\/765\/revisions"}],"predecessor-version":[{"id":1111,"href":"https:\/\/mincpartners.com\/se\/wp-json\/wp\/v2\/pages\/765\/revisions\/1111"}],"wp:attachment":[{"href":"https:\/\/mincpartners.com\/se\/wp-json\/wp\/v2\/media?parent=765"}],"curies":[{"name":"wp","href":"https:\/\/api.w.org\/{rel}","templated":true}]}}