{"id":802,"date":"2020-12-30T11:03:22","date_gmt":"2020-12-30T11:03:22","guid":{"rendered":"http:\/\/mincpartners.com\/se\/?page_id=802"},"modified":"2020-12-30T11:41:00","modified_gmt":"2020-12-30T11:41:00","slug":"juridik","status":"publish","type":"page","link":"https:\/\/mincpartners.com\/se\/juridik\/","title":{"rendered":"Juridik"},"content":{"rendered":"\n<!-- Page-list plugin v.5.7 wordpress.org\/plugins\/page-list\/ -->\n<div class=\"page-list page-list-ext \">\n<div class=\"page-list-ext-item\"><h3 class=\"page-list-ext-title\"><a href=\"https:\/\/mincpartners.com\/se\/juridik\/internationell-privatratt\/\" title=\"Internationell Privatr\u00e4tt\">Internationell Privatr\u00e4tt<\/a><\/h3><div class=\"page-list-ext-item-content\">Internationell privatr\u00e4tt \u00e4r ett komplext r\u00e4ttsomr\u00e5de som hanterar juridiska fr\u00e5gor med internationella dimensioner, d\u00e4r flera l\u00e4nders r\u00e4ttssystem kan vara inblandade. Denna disciplin blir s\u00e4rskilt viktig n\u00e4r r\u00e4ttsliga tvister eller r\u00e4ttsliga situationer...<\/div><\/div>\n<div class=\"page-list-ext-item\"><h3 class=\"page-list-ext-title\"><a href=\"https:\/\/mincpartners.com\/se\/juridik\/arvsratt\/\" title=\"Arvsr\u00e4tt\">Arvsr\u00e4tt<\/a><\/h3><div class=\"page-list-ext-item-content\">Arvsr\u00e4tten reglerar principerna f\u00f6r hur en avliden persons egendom f\u00f6rdelas mellan arvingarna. I de polska och svenska r\u00e4ttssystemen finns det vissa likheter, men \u00e4ven v\u00e4sentliga skillnader vad g\u00e4ller arvsprocedurer, uppr\u00e4ttandet av testamente samt l\u00f6...<\/div><\/div>\n<div class=\"page-list-ext-item\"><h3 class=\"page-list-ext-title\"><a href=\"https:\/\/mincpartners.com\/se\/juridik\/skatteratt\/\" title=\"Skatter\u00e4tt\">Skatter\u00e4tt<\/a><\/h3><div class=\"page-list-ext-item-content\">Vi tillhandah\u00e5ller juridisk r\u00e5dgivning om nationella, europeiska och internationella skatter\u00e4ttsliga fr\u00e5gor. I v\u00e5r alltmer sammanh\u00e4ngande globala marknad har de flesta aff\u00e4rstransaktioner och gr\u00e4ns\u00f6verskridande komponent upplever f\u00f6retag komplexa skattem\u00e4s...<\/div><\/div>\n<div class=\"page-list-ext-item\"><h3 class=\"page-list-ext-title\"><a href=\"https:\/\/mincpartners.com\/se\/juridik\/arbetsratt\/\" title=\"Arbetsr\u00e4tt\">Arbetsr\u00e4tt<\/a><\/h3><div class=\"page-list-ext-item-content\">Vi bist\u00e5r r\u00e5dgivning och bitr\u00e4der i arbetsr\u00e4ttsliga fr\u00e5gor och \u00e4renden med stort engagemang, oavsett om du \u00e4r arbetsgivare eller arbetstagare. Vi p\u00e5 Minc &amp; Partners har l\u00e5ng och omfattande erfarenhet inom r\u00e4ttsomr\u00e5det, samt djupg\u00e5ende kunskaper i...<\/div><\/div>\n<div class=\"page-list-ext-item\"><h3 class=\"page-list-ext-title\"><a href=\"https:\/\/mincpartners.com\/se\/juridik\/europeiskt-arvsintyg\/\" title=\"Europeiskt arvsintyg\">Europeiskt arvsintyg<\/a><\/h3><div class=\"page-list-ext-item-content\">Ett europeiskt arvsintyg \u00e4r ett officiellt dokument som utf\u00e4rdas enligt EU-f\u00f6rordning nr 650\/2012. Intyget syftar till att underl\u00e4tta f\u00f6r arvingar, testamentstagare och testamentsexekutorer att bevisa sin r\u00e4tt till arv inom EU:s medlemsstater. Genom att a...<\/div><\/div>\n<div class=\"page-list-ext-item\"><h3 class=\"page-list-ext-title\"><a href=\"https:\/\/mincpartners.com\/se\/juridik\/bolagsratt\/\" title=\"Bolagsr\u00e4tt\">Bolagsr\u00e4tt<\/a><\/h3><div class=\"page-list-ext-item-content\">De flesta f\u00f6retag kommer vid n\u00e5got tillf\u00e4lle att m\u00f6ta utmaningar som kr\u00e4ver kvalificerad r\u00e5dgivning fr\u00e5n en erfaren aff\u00e4rsjurist. L\u00f6sningarna vi erbjuder \u00e4r anpassade efter f\u00f6retagets unika behov och vi kan hj\u00e4lpa ditt f\u00f6retag med f\u00f6ljande:\r\n\r\n \tPlanering in...<\/div><\/div>\n\n<\/div>\n","protected":false},"excerpt":{"rendered":"","protected":false},"author":1,"featured_media":0,"parent":0,"menu_order":0,"comment_status":"closed","ping_status":"closed","template":"","meta":{"footnotes":""},"class_list":["post-802","page","type-page","status-publish","hentry"],"_links":{"self":[{"href":"https:\/\/mincpartners.com\/se\/wp-json\/wp\/v2\/pages\/802","targetHints":{"allow":["GET"]}}],"collection":[{"href":"https:\/\/mincpartners.com\/se\/wp-json\/wp\/v2\/pages"}],"about":[{"href":"https:\/\/mincpartners.com\/se\/wp-json\/wp\/v2\/types\/page"}],"author":[{"embeddable":true,"href":"https:\/\/mincpartners.com\/se\/wp-json\/wp\/v2\/users\/1"}],"replies":[{"embeddable":true,"href":"https:\/\/mincpartners.com\/se\/wp-json\/wp\/v2\/comments?post=802"}],"version-history":[{"count":2,"href":"https:\/\/mincpartners.com\/se\/wp-json\/wp\/v2\/pages\/802\/revisions"}],"predecessor-version":[{"id":823,"href":"https:\/\/mincpartners.com\/se\/wp-json\/wp\/v2\/pages\/802\/revisions\/823"}],"wp:attachment":[{"href":"https:\/\/mincpartners.com\/se\/wp-json\/wp\/v2\/media?parent=802"}],"curies":[{"name":"wp","href":"https:\/\/api.w.org\/{rel}","templated":true}]}}