{"id":811,"date":"2020-12-30T11:34:57","date_gmt":"2020-12-30T11:34:57","guid":{"rendered":"http:\/\/mincpartners.com\/se\/?page_id=811"},"modified":"2024-12-11T15:30:10","modified_gmt":"2024-12-11T15:30:10","slug":"bolagsratt","status":"publish","type":"page","link":"https:\/\/mincpartners.com\/se\/juridik\/bolagsratt\/","title":{"rendered":"Bolagsr\u00e4tt"},"content":{"rendered":"<p>De flesta f\u00f6retag kommer vid n\u00e5got tillf\u00e4lle att m\u00f6ta utmaningar som kr\u00e4ver kvalificerad r\u00e5dgivning fr\u00e5n en erfaren aff\u00e4rsjurist. L\u00f6sningarna vi erbjuder \u00e4r anpassade efter f\u00f6retagets unika behov och vi kan hj\u00e4lpa ditt f\u00f6retag med f\u00f6ljande:<\/p>\n<ul>\n<li>Planering inf\u00f6r bolagsr\u00e4ttsliga f\u00f6r\u00e4ndringar<\/li>\n<li>Planering och genomf\u00f6rande av emissioner och fusioner<\/li>\n<li>Uppr\u00e4ttande av k\u00f6peavtal<\/li>\n<li>Omstrukturering och organisation av koncernstrukturer<\/li>\n<li>Skapande, omvandling och likvidation av bolag i Sverige, Polen och andra EU l\u00e4nder.<\/li>\n<li>Gr\u00e4ns\u00f6verskridande f\u00f6rfarande<\/li>\n<li>Utformning av bolagsavtal, stiftelseurkund och bolagsordning<\/li>\n<li>R\u00e5dgivning till bolagsledningen (styrelse och aktie\u00e4gare)<\/li>\n<li>Uppr\u00e4ttande av protokoll, styrelsebeslut, bolagsst\u00e4mma<\/li>\n<li>L\u00f6pande f\u00f6retagsr\u00e4ttslig r\u00e5dgivning<\/li>\n<li>Uppr\u00e4ttande av bolagsordningar och aktie\u00e4garavtal<\/li>\n<li>Suppleant och protokollf\u00f6rare p\u00e5 bolagsst\u00e4mmor<\/li>\n<li>Bist\u00e5 i juridiska tvister.<\/li>\n<\/ul>\n","protected":false},"excerpt":{"rendered":"<p>De flesta f\u00f6retag kommer vid n\u00e5got tillf\u00e4lle att m\u00f6ta utmaningar som kr\u00e4ver kvalificerad r\u00e5dgivning fr\u00e5n en erfaren aff\u00e4rsjurist. L\u00f6sningarna vi erbjuder \u00e4r anpassade efter f\u00f6retagets&hellip;<\/p>\n","protected":false},"author":1,"featured_media":0,"parent":802,"menu_order":5,"comment_status":"closed","ping_status":"closed","template":"","meta":{"footnotes":""},"class_list":["post-811","page","type-page","status-publish","hentry"],"_links":{"self":[{"href":"https:\/\/mincpartners.com\/se\/wp-json\/wp\/v2\/pages\/811","targetHints":{"allow":["GET"]}}],"collection":[{"href":"https:\/\/mincpartners.com\/se\/wp-json\/wp\/v2\/pages"}],"about":[{"href":"https:\/\/mincpartners.com\/se\/wp-json\/wp\/v2\/types\/page"}],"author":[{"embeddable":true,"href":"https:\/\/mincpartners.com\/se\/wp-json\/wp\/v2\/users\/1"}],"replies":[{"embeddable":true,"href":"https:\/\/mincpartners.com\/se\/wp-json\/wp\/v2\/comments?post=811"}],"version-history":[{"count":1,"href":"https:\/\/mincpartners.com\/se\/wp-json\/wp\/v2\/pages\/811\/revisions"}],"predecessor-version":[{"id":812,"href":"https:\/\/mincpartners.com\/se\/wp-json\/wp\/v2\/pages\/811\/revisions\/812"}],"up":[{"embeddable":true,"href":"https:\/\/mincpartners.com\/se\/wp-json\/wp\/v2\/pages\/802"}],"wp:attachment":[{"href":"https:\/\/mincpartners.com\/se\/wp-json\/wp\/v2\/media?parent=811"}],"curies":[{"name":"wp","href":"https:\/\/api.w.org\/{rel}","templated":true}]}}