{"id":816,"date":"2020-12-30T11:38:12","date_gmt":"2020-12-30T11:38:12","guid":{"rendered":"http:\/\/mincpartners.com\/se\/?page_id=816"},"modified":"2024-09-11T09:12:38","modified_gmt":"2024-09-11T09:12:38","slug":"skatteratt","status":"publish","type":"page","link":"https:\/\/mincpartners.com\/se\/juridik\/skatteratt\/","title":{"rendered":"Skatter\u00e4tt"},"content":{"rendered":"<p>Vi tillhandah\u00e5ller juridisk r\u00e5dgivning om nationella, europeiska och internationella skatter\u00e4ttsliga fr\u00e5gor. I v\u00e5r alltmer sammanh\u00e4ngande globala marknad har de flesta aff\u00e4rstransaktioner och gr\u00e4ns\u00f6verskridande komponent upplever f\u00f6retag komplexa skattem\u00e4ssiga utmaningar som kr\u00e4ver holistisk syns\u00e4tt p\u00e5 nationell lagstiftning, bilaterala skatteavtal, samt ett l\u00e4mpligt internationellt perspektiv.<\/p>\n<p>Vi samarbetar med andra yrkesverksamma, som skattekonsulter, revisorer och finansiella r\u00e5dgivare f\u00f6r att hitta den b\u00e4sta l\u00f6sningen f\u00f6r dig, din familj och ditt f\u00f6retag. Mycket av v\u00e5rt arbete har en internationell dimension och vi samarbetar med specialiserade jurister runt om i Europa och v\u00e4rlden.<\/p>\n<ul>\n<li>Koncernbeskattning och skatteplanering<\/li>\n<li>Skatteplanering f\u00f6r nationella och internationella fusioner, f\u00f6rv\u00e4rv och joint-ventures<\/li>\n<li>Skatteplanering f\u00f6r nationella och internationella investeringsfonder<\/li>\n<li>Uppr\u00e4ttande av nationella och internationella \u00e4garstrukturer<\/li>\n<li>Rekonstruktioner, omorganisationer och wind-ups<\/li>\n<li>Skatteplanering f\u00f6r business exit och succession<\/li>\n<li>Kapitalvinstskatteplanering<\/li>\n<li>Fastighetsskatteplanering<\/li>\n<li>Punktskatter och momsr\u00e5dgivning<\/li>\n<li>Privat klient bostad, skatt och fastighetsplanering<\/li>\n<li>Inkomstskatteplanering<\/li>\n<li>Arvsskatteplanering<\/li>\n<li>Skatteplanering dubbelbeskattningsavtal i relation till EU-r\u00e4tten.<\/li>\n<\/ul>\n","protected":false},"excerpt":{"rendered":"<p>Vi tillhandah\u00e5ller juridisk r\u00e5dgivning om nationella, europeiska och internationella skatter\u00e4ttsliga fr\u00e5gor. I v\u00e5r alltmer sammanh\u00e4ngande globala marknad har de flesta aff\u00e4rstransaktioner och gr\u00e4ns\u00f6verskridande komponent upplever&hellip;<\/p>\n","protected":false},"author":1,"featured_media":0,"parent":802,"menu_order":3,"comment_status":"closed","ping_status":"closed","template":"","meta":{"footnotes":""},"class_list":["post-816","page","type-page","status-publish","hentry"],"_links":{"self":[{"href":"https:\/\/mincpartners.com\/se\/wp-json\/wp\/v2\/pages\/816","targetHints":{"allow":["GET"]}}],"collection":[{"href":"https:\/\/mincpartners.com\/se\/wp-json\/wp\/v2\/pages"}],"about":[{"href":"https:\/\/mincpartners.com\/se\/wp-json\/wp\/v2\/types\/page"}],"author":[{"embeddable":true,"href":"https:\/\/mincpartners.com\/se\/wp-json\/wp\/v2\/users\/1"}],"replies":[{"embeddable":true,"href":"https:\/\/mincpartners.com\/se\/wp-json\/wp\/v2\/comments?post=816"}],"version-history":[{"count":1,"href":"https:\/\/mincpartners.com\/se\/wp-json\/wp\/v2\/pages\/816\/revisions"}],"predecessor-version":[{"id":817,"href":"https:\/\/mincpartners.com\/se\/wp-json\/wp\/v2\/pages\/816\/revisions\/817"}],"up":[{"embeddable":true,"href":"https:\/\/mincpartners.com\/se\/wp-json\/wp\/v2\/pages\/802"}],"wp:attachment":[{"href":"https:\/\/mincpartners.com\/se\/wp-json\/wp\/v2\/media?parent=816"}],"curies":[{"name":"wp","href":"https:\/\/api.w.org\/{rel}","templated":true}]}}