{"id":818,"date":"2020-12-30T11:38:57","date_gmt":"2020-12-30T11:38:57","guid":{"rendered":"http:\/\/mincpartners.com\/se\/?page_id=818"},"modified":"2024-08-14T14:48:41","modified_gmt":"2024-08-14T14:48:41","slug":"bokforing-redovisning","status":"publish","type":"page","link":"https:\/\/mincpartners.com\/se\/bokforing-redovisning\/","title":{"rendered":"Bokf\u00f6ring &#038; Redovisning"},"content":{"rendered":"<p>Minc &amp; Partners tillhandh\u00e5ller bokf\u00f6ring och redovisningstj\u00e4nster i Sverige och Polen.<\/p>\n<p>V\u00e5ra bokf\u00f6ringstj\u00e4nster \u00e4r anpassningsbara f\u00f6r att tillgodose v\u00e5ra kunders behov och \u00f6nskem\u00e5l. Vi kan utf\u00f6ra ditt f\u00f6retags hela redovisningsbehov eller bara en del av det. V\u00e5rt m\u00e5l \u00e4r att g\u00f6ra det enkelt, tillg\u00e4ngligt och kostnadseffektivt. Vi tillhandah\u00e5ller \u00e4ven andra tj\u00e4nster relaterade till redovisning som skattejuridisk r\u00e5dgivning.<\/p>\n<p>Vi str\u00e4var efter att g\u00f6ra det s\u00e5 enkelt som m\u00f6jligt redan fr\u00e5n b\u00f6rjan och frig\u00f6ra tid och resurser som kan riktas anv\u00e4ndas till f\u00f6retagets k\u00e4rnverksamhet. Med erfarenhet fr\u00e5n ett antal olika omr\u00e5den kan f\u00f6retagets redovisnings- och ekonomiverksamhet kontinuerligt f\u00f6rb\u00e4ttras och effektiviseras. Exempel p\u00e5 tj\u00e4nster:<\/p>\n<ul>\n<li>Bokf\u00f6ring<\/li>\n<li>Bokslut<\/li>\n<li>\u00c5rsredovisning<\/li>\n<li>Kundfakturering<\/li>\n<li>Leverant\u00f6rsfakturahantering<\/li>\n<li>L\u00f6nehantering<\/li>\n<li>Avst\u00e4mningar och m\u00e5nadsrapportering<\/li>\n<li>Moms- och skattedeklarationer<\/li>\n<\/ul>\n","protected":false},"excerpt":{"rendered":"<p>Minc &amp; Partners tillhandh\u00e5ller bokf\u00f6ring och redovisningstj\u00e4nster i Sverige och Polen. V\u00e5ra bokf\u00f6ringstj\u00e4nster \u00e4r anpassningsbara f\u00f6r att tillgodose v\u00e5ra kunders behov och \u00f6nskem\u00e5l. Vi kan&hellip;<\/p>\n","protected":false},"author":1,"featured_media":0,"parent":0,"menu_order":0,"comment_status":"closed","ping_status":"closed","template":"","meta":{"footnotes":""},"class_list":["post-818","page","type-page","status-publish","hentry"],"_links":{"self":[{"href":"https:\/\/mincpartners.com\/se\/wp-json\/wp\/v2\/pages\/818","targetHints":{"allow":["GET"]}}],"collection":[{"href":"https:\/\/mincpartners.com\/se\/wp-json\/wp\/v2\/pages"}],"about":[{"href":"https:\/\/mincpartners.com\/se\/wp-json\/wp\/v2\/types\/page"}],"author":[{"embeddable":true,"href":"https:\/\/mincpartners.com\/se\/wp-json\/wp\/v2\/users\/1"}],"replies":[{"embeddable":true,"href":"https:\/\/mincpartners.com\/se\/wp-json\/wp\/v2\/comments?post=818"}],"version-history":[{"count":3,"href":"https:\/\/mincpartners.com\/se\/wp-json\/wp\/v2\/pages\/818\/revisions"}],"predecessor-version":[{"id":1038,"href":"https:\/\/mincpartners.com\/se\/wp-json\/wp\/v2\/pages\/818\/revisions\/1038"}],"wp:attachment":[{"href":"https:\/\/mincpartners.com\/se\/wp-json\/wp\/v2\/media?parent=818"}],"curies":[{"name":"wp","href":"https:\/\/api.w.org\/{rel}","templated":true}]}}